{"id":1241,"date":"2020-08-01T00:23:22","date_gmt":"2020-07-31T22:23:22","guid":{"rendered":"https:\/\/jnhcoaching.de\/?page_id=1241"},"modified":"2026-03-19T11:56:31","modified_gmt":"2026-03-19T10:56:31","slug":"facilitation-for-leadership-teams","status":"publish","type":"page","link":"https:\/\/jnhcoaching.de\/de\/coaching-programmes\/facilitation-for-leadership-teams\/","title":{"rendered":"Facilitation F\u00fcr F\u00fchrungsteams"},"content":{"rendered":"<div data-elementor-type=\"wp-page\" data-elementor-id=\"1241\" class=\"elementor elementor-1241\" data-elementor-post-type=\"page\">\n\t\t\t\t<div class=\"elementor-element elementor-element-543cacf e-flex e-con-boxed e-con e-parent\" data-id=\"543cacf\" data-element_type=\"container\" data-e-type=\"container\" data-settings=\"{&quot;background_background&quot;:&quot;classic&quot;}\">\n\t\t\t\t\t<div class=\"e-con-inner\">\n\t\t<div class=\"elementor-element elementor-element-b0d401d e-con-full e-flex e-con e-child\" data-id=\"b0d401d\" data-element_type=\"container\" data-e-type=\"container\">\n\t\t\t\t<div class=\"elementor-element elementor-element-76985c9 animated-slow elementor-invisible elementor-widget elementor-widget-heading\" data-id=\"76985c9\" data-element_type=\"widget\" data-e-type=\"widget\" data-settings=\"{&quot;_animation&quot;:&quot;fadeIn&quot;,&quot;_animation_delay&quot;:10}\" data-widget_type=\"heading.default\">\n\t\t\t\t<div class=\"elementor-widget-container\">\n\t\t\t\t\t<h2 class=\"elementor-heading-title elementor-size-default\">Facilitation F\u00fcr F\u00fchrungsteams<\/h2>\t\t\t\t<\/div>\n\t\t\t\t<\/div>\n\t\t\t\t<\/div>\n\t\t\t\t\t<\/div>\n\t\t\t\t<\/div>\n\t\t<div class=\"elementor-element elementor-element-b2194c2 e-flex e-con-boxed e-con e-parent\" data-id=\"b2194c2\" data-element_type=\"container\" data-e-type=\"container\" data-settings=\"{&quot;background_background&quot;:&quot;classic&quot;}\">\n\t\t\t\t\t<div class=\"e-con-inner\">\n\t\t<div class=\"elementor-element elementor-element-a3f7484 e-con-full e-flex e-con e-child\" data-id=\"a3f7484\" data-element_type=\"container\" data-e-type=\"container\">\n\t\t\t\t<div class=\"elementor-element elementor-element-91e92ef elementor-widget elementor-widget-image\" data-id=\"91e92ef\" data-element_type=\"widget\" data-e-type=\"widget\" data-widget_type=\"image.default\">\n\t\t\t\t<div class=\"elementor-widget-container\">\n\t\t\t\t\t\t\t\t\t\t\t\t\t\t\t<img fetchpriority=\"high\" decoding=\"async\" width=\"400\" height=\"400\" src=\"https:\/\/jnhcoaching.de\/wp-content\/uploads\/2023\/05\/leadership-program-1.webp\" class=\"attachment-full size-full wp-image-4419\" alt=\"\" srcset=\"https:\/\/jnhcoaching.de\/wp-content\/uploads\/2023\/05\/leadership-program-1.webp 400w, https:\/\/jnhcoaching.de\/wp-content\/uploads\/2023\/05\/leadership-program-1-300x300.webp 300w, https:\/\/jnhcoaching.de\/wp-content\/uploads\/2023\/05\/leadership-program-1-150x150.webp 150w, https:\/\/jnhcoaching.de\/wp-content\/uploads\/2023\/05\/leadership-program-1-12x12.webp 12w\" sizes=\"(max-width: 400px) 100vw, 400px\" \/>\t\t\t\t\t\t\t\t\t\t\t\t\t\t\t<\/div>\n\t\t\t\t<\/div>\n\t\t\t\t<\/div>\n\t\t<div class=\"elementor-element elementor-element-7a75d85 e-con-full e-flex e-con e-child\" data-id=\"7a75d85\" data-element_type=\"container\" data-e-type=\"container\">\n\t\t\t\t<div class=\"elementor-element elementor-element-125d7cb elementor-widget elementor-widget-text-editor\" data-id=\"125d7cb\" data-element_type=\"widget\" data-e-type=\"widget\" data-widget_type=\"text-editor.default\">\n\t\t\t\t<div class=\"elementor-widget-container\">\n\t\t\t\t\t\t\t\t\t<p style=\"font-weight: 400;\">Das Verst\u00e4ndnis f\u00fcr die vielf\u00e4ltigen Vorteile und den positiven Einfluss, die ein moderierter Workshop f\u00fcr F\u00fchrungsteams auf das gesamte Team hat, ist der erste Schritt zur Planung des Workshops, den Ihr Team ben\u00f6tigt.<\/p><p>F\u00fchrungsteams, die zusammen einen moderierten Workshop mit einem festgelegten Zeitrahmen und Ziel besuchen, erzielen konkrete Ergebnisse.\u00a0\u00a0<\/p><p style=\"font-weight: 400;\">Die Leitung von Teams durch strukturierte Teamarbeit und offene Diskussionen hilft ihnen, zu konkreten Ergebnissen zu gelangen:<\/p><ul><li style=\"font-weight: 400;\">Strategische Ausrichtung\u00a0<\/li><li style=\"font-weight: 400;\">Zielsetzung<\/li><li style=\"font-weight: 400;\">Aktionspl\u00e4ne\u00a0<\/li><\/ul><p style=\"font-weight: 400;\">Die Moderation des F\u00fchrungsteams kann ein wirkungsvolles Werkzeug sein, um positives Teamwork und den Teamgeist der F\u00fchrungskr\u00e4fte zu nutzen, gemeinsame Interessen zu identifizieren und auf die gleichen Ziele hinzuarbeiten.\u00a0<\/p><p style=\"font-weight: 400;\">Die Moderation beginnt mit Struktur und Motivation, er\u00f6ffnet gest\u00e4rkte oder neue Synergien und f\u00fchrt zu Workshops, die F\u00fchrungsteams bef\u00e4higen und auf eine Erfolgsspur bringen.<\/p>\t\t\t\t\t\t\t\t<\/div>\n\t\t\t\t<\/div>\n\t\t\t\t<\/div>\n\t\t\t\t\t<\/div>\n\t\t\t\t<\/div>\n\t\t<div class=\"elementor-element elementor-element-b1cf36c e-flex e-con-boxed e-con e-parent\" data-id=\"b1cf36c\" data-element_type=\"container\" data-e-type=\"container\" data-settings=\"{&quot;background_background&quot;:&quot;classic&quot;}\">\n\t\t\t\t\t<div class=\"e-con-inner\">\n\t\t<div class=\"elementor-element elementor-element-3efe70e e-con-full e-flex e-con e-child\" data-id=\"3efe70e\" data-element_type=\"container\" data-e-type=\"container\">\n\t\t\t\t<div class=\"elementor-element elementor-element-fe3278f animated-slow elementor-widget elementor-widget-heading\" data-id=\"fe3278f\" data-element_type=\"widget\" data-e-type=\"widget\" data-settings=\"{&quot;_animation&quot;:&quot;none&quot;,&quot;_animation_delay&quot;:10}\" data-widget_type=\"heading.default\">\n\t\t\t\t<div class=\"elementor-widget-container\">\n\t\t\t\t\t<h2 class=\"elementor-heading-title elementor-size-default\">\u201eIch war sehr beeindruckt von der Planung, der Durchf\u00fchrung und dem Enthusiasmus von Julia.\u201d<\/h2>\t\t\t\t<\/div>\n\t\t\t\t<\/div>\n\t\t\t\t<\/div>\n\t\t\t\t\t<\/div>\n\t\t\t\t<\/div>\n\t\t<div class=\"elementor-element elementor-element-e3755e5 e-flex e-con-boxed e-con e-parent\" data-id=\"e3755e5\" data-element_type=\"container\" data-e-type=\"container\">\n\t\t\t\t\t<div class=\"e-con-inner\">\n\t\t<div class=\"elementor-element elementor-element-29c1325 e-con-full e-flex e-con e-child\" data-id=\"29c1325\" data-element_type=\"container\" data-e-type=\"container\">\n\t\t\t\t<div class=\"elementor-element elementor-element-cf95a32 elementor-widget elementor-widget-text-editor\" data-id=\"cf95a32\" data-element_type=\"widget\" data-e-type=\"widget\" data-widget_type=\"text-editor.default\">\n\t\t\t\t<div class=\"elementor-widget-container\">\n\t\t\t\t\t\t\t\t\t<p>Als Einstieg biete ich eine kostenlose und unverbindliche, 20-min\u00fctige Session zum Kennenlernen an. Du kannst unsere Unterhaltung gleich <a href=\"https:\/\/jnhcoaching.de\/de\/contact\/\"><strong>hier&nbsp;<\/strong><\/a>buchen, damit wir loslegen k\u00f6nnen!<\/p>\t\t\t\t\t\t\t\t<\/div>\n\t\t\t\t<\/div>\n\t\t\t\t<\/div>\n\t\t\t\t\t<\/div>\n\t\t\t\t<\/div>\n\t\t<div class=\"elementor-element elementor-element-6ec50aa e-flex e-con-boxed e-con e-parent\" data-id=\"6ec50aa\" data-element_type=\"container\" data-e-type=\"container\" data-settings=\"{&quot;background_background&quot;:&quot;classic&quot;}\">\n\t\t\t\t\t<div class=\"e-con-inner\">\n\t\t<div class=\"elementor-element elementor-element-192874a e-con-full e-flex e-con e-child\" data-id=\"192874a\" data-element_type=\"container\" data-e-type=\"container\">\n\t\t\t\t<div class=\"elementor-element elementor-element-566bf13 animated-slow elementor-widget elementor-widget-heading\" data-id=\"566bf13\" data-element_type=\"widget\" data-e-type=\"widget\" data-settings=\"{&quot;_animation&quot;:&quot;none&quot;,&quot;_animation_delay&quot;:10}\" data-widget_type=\"heading.default\">\n\t\t\t\t<div class=\"elementor-widget-container\">\n\t\t\t\t\t<h2 class=\"elementor-heading-title elementor-size-default\">Vorbereitung des leaderhip-facilitation-workshops:<\/h2>\t\t\t\t<\/div>\n\t\t\t\t<\/div>\n\t\t\t\t<div class=\"elementor-element elementor-element-8f09459 elementor-widget elementor-widget-text-editor\" data-id=\"8f09459\" data-element_type=\"widget\" data-e-type=\"widget\" data-widget_type=\"text-editor.default\">\n\t\t\t\t<div class=\"elementor-widget-container\">\n\t\t\t\t\t\t\t\t\t<p style=\"font-weight: 400;\">Zur Vorbereitung des Workshops findet ein Brainstorming-Meeting statt, um im Team die Workshop-Themen, Erwartungen und Ziele zu ermitteln. Das Team wird bei der gemeinsamen Erstellung der Workshop-Agenda, den Themen, Erwartungen, Zielen und der Zeitplanung unterst\u00fctzt. Julia hilft bei zus\u00e4tzlichen Vorbereitungsaufgaben f\u00fcr Agenda und Workshop.<\/p><p style=\"font-weight: 400;\"><strong>Leadership-Workshop:<\/strong><\/p><p style=\"font-weight: 400;\"><span style=\"font-style: inherit; font-family: var( --e-global-typography-text-font-family ), Sans-serif; background-color: var(--ast-global-color-5);\">Der gesamte, au\u00dferhalb des B\u00fcros stattfindende Team-Workshop wird von Julia als Coach und Moderatorin geleitet.<\/span><\/p><p style=\"font-weight: 400;\">Workshops k\u00f6nnen wertvolle zus\u00e4tzliche Coaching-Elemente aufnehmen, wenn sie f\u00fcr Ihr F\u00fchrungsteam relevant sind, wie:<\/p><ul><li>Eine Keynote-Rede<\/li><li>DISC-Profile aller Teilnehmer<\/li><li>Eine Lernsequenz zu einem relevanten Thema, wie: Aktives Zuh\u00f6ren, Feedback geben und annehmen, F\u00fchrung der Zukunft, Hybride Teams, Effektive F\u00fchrung<\/li><\/ul><p style=\"font-weight: 400;\">Die Dauer jedes Workshops wird von den Zielen des F\u00fchrungsteams bestimmt.\u00a0<\/p><p style=\"font-weight: 400;\">Jeder moderierte Leadership-Team-Workshop ist in Segmente aufgeteilt, die die definierten Ergebnisse erzielen, indem sie Folgendes bieten:<\/p><ul><li style=\"font-weight: 400;\">Motivation und Anleitung des Teams entlang einer festgelegten Workshop-Struktur\u00a0<\/li><li style=\"font-weight: 400;\">Herausforderung und Unterst\u00fctzung des Teams bei der Erreichung der gew\u00fcnschten Workshop-Ziele<\/li><li style=\"font-weight: 400;\">Einbringen einer neutralen und objektiven Perspektive von au\u00dfen in die Diskussionen<\/li><li style=\"font-weight: 400;\">Bereitstellung von ehrlichem und konstruktivem Feedback<\/li><\/ul><p style=\"font-weight: 400;\">Erfahren Sie in einem pers\u00f6nlichen <a href=\"https:\/\/jnhcoaching.de\/de\/contact\/\">Gespr\u00e4ch,<\/a> wie Julia durch die Moderation von F\u00fchrungsteams gezielt zu Fortschritt und Erfolg in Ihrem Unternehmen beitragen kann.<\/p>\t\t\t\t\t\t\t\t<\/div>\n\t\t\t\t<\/div>\n\t\t\t\t<\/div>\n\t\t<div class=\"elementor-element elementor-element-dba0b34 e-con-full e-flex e-con e-child\" data-id=\"dba0b34\" data-element_type=\"container\" data-e-type=\"container\" data-settings=\"{&quot;background_background&quot;:&quot;classic&quot;}\">\n\t\t\t\t<div class=\"elementor-element elementor-element-6156fa9 elementor-widget elementor-widget-heading\" data-id=\"6156fa9\" data-element_type=\"widget\" data-e-type=\"widget\" data-widget_type=\"heading.default\">\n\t\t\t\t<div class=\"elementor-widget-container\">\n\t\t\t\t\t<h2 class=\"elementor-heading-title elementor-size-default\">\u201cIhre Moderation war erstaunlich, wir h\u00e4tten die Ergebnisse ohne Ihre Ermutigung und klare Fokussierung auf Zeit und Ergebnisse nicht erreicht. Danke!\u201d<\/h2>\t\t\t\t<\/div>\n\t\t\t\t<\/div>\n\t\t\t\t<\/div>\n\t\t\t\t\t<\/div>\n\t\t\t\t<\/div>\n\t\t<div class=\"elementor-element elementor-element-45bbb2f e-flex e-con-boxed e-con e-parent\" data-id=\"45bbb2f\" data-element_type=\"container\" data-e-type=\"container\">\n\t\t\t\t\t<div class=\"e-con-inner\">\n\t\t<div class=\"elementor-element elementor-element-c9a77aa e-con-full e-flex e-con e-child\" data-id=\"c9a77aa\" data-element_type=\"container\" data-e-type=\"container\">\n\t\t\t\t<div class=\"elementor-element elementor-element-fdeb33d elementor-align-center elementor-invisible elementor-widget elementor-widget-button\" data-id=\"fdeb33d\" data-element_type=\"widget\" data-e-type=\"widget\" data-settings=\"{&quot;_animation&quot;:&quot;fadeIn&quot;,&quot;_animation_delay&quot;:500}\" data-widget_type=\"button.default\">\n\t\t\t\t<div class=\"elementor-widget-container\">\n\t\t\t\t\t\t\t\t\t<div class=\"elementor-button-wrapper\">\n\t\t\t\t\t<a class=\"elementor-button elementor-button-link elementor-size-sm\" href=\"https:\/\/jnhcoaching.de\/de\/contact\/\">\n\t\t\t\t\t\t<span class=\"elementor-button-content-wrapper\">\n\t\t\t\t\t\t\t\t\t<span class=\"elementor-button-text\">ICH M\u00d6CHTE LOSLEGEN!<\/span>\n\t\t\t\t\t<\/span>\n\t\t\t\t\t<\/a>\n\t\t\t\t<\/div>\n\t\t\t\t\t\t\t\t<\/div>\n\t\t\t\t<\/div>\n\t\t\t\t<\/div>\n\t\t\t\t\t<\/div>\n\t\t\t\t<\/div>\n\t\t<div class=\"elementor-element elementor-element-e96ee17 e-flex e-con-boxed e-con e-parent\" data-id=\"e96ee17\" data-element_type=\"container\" data-e-type=\"container\" data-settings=\"{&quot;background_background&quot;:&quot;classic&quot;}\">\n\t\t\t\t\t<div class=\"e-con-inner\">\n\t\t<div class=\"elementor-element elementor-element-afbc2a0 e-con-full e-flex e-con e-child\" data-id=\"afbc2a0\" data-element_type=\"container\" data-e-type=\"container\">\n\t\t\t\t<div class=\"elementor-element elementor-element-59da93c elementor-widget elementor-widget-heading\" data-id=\"59da93c\" data-element_type=\"widget\" data-e-type=\"widget\" data-widget_type=\"heading.default\">\n\t\t\t\t<div class=\"elementor-widget-container\">\n\t\t\t\t\t<h2 class=\"elementor-heading-title elementor-size-default\">Die Moderation des F\u00fchrungsteams kann ein wirkungsvolles Werkzeug sein, um positives Teamwork und den Teamgeist der F\u00fchrungskr\u00e4fte zu nutzen, gemeinsame Interessen zu identifizieren und auf die gleichen Ziele hinzuarbeiten.<\/h2>\t\t\t\t<\/div>\n\t\t\t\t<\/div>\n\t\t\t\t<\/div>\n\t\t\t\t\t<\/div>\n\t\t\t\t<\/div>\n\t\t\t\t<\/div>","protected":false},"excerpt":{"rendered":"<p>Facilitation For Leadership Teams Understanding the full range of benefits that leadership team facilitation has on a team is the first step to planning the workshop your team needs. Leadership teams that come together in a facilitated workshop with a dedicated timeframe and goal see concrete results.\u00a0\u00a0 Leading teams through structured teamwork and frank discussions [&hellip;]<\/p>\n","protected":false},"author":3,"featured_media":0,"parent":935,"menu_order":4,"comment_status":"closed","ping_status":"closed","template":"","meta":{"site-sidebar-layout":"no-sidebar","site-content-layout":"default","ast-site-content-layout":"default","site-content-style":"default","site-sidebar-style":"default","ast-global-header-display":"","ast-banner-title-visibility":"","ast-main-header-display":"","ast-hfb-above-header-display":"","ast-hfb-below-header-display":"","ast-hfb-mobile-header-display":"","site-post-title":"disabled","ast-breadcrumbs-content":"","ast-featured-img":"disabled","footer-sml-layout":"","ast-disable-related-posts":"","theme-transparent-header-meta":"default","adv-header-id-meta":"","stick-header-meta":"","header-above-stick-meta":"","header-main-stick-meta":"","header-below-stick-meta":"","astra-migrate-meta-layouts":"default","ast-page-background-enabled":"default","ast-page-background-meta":{"desktop":{"background-color":"","background-image":"","background-repeat":"repeat","background-position":"center center","background-size":"auto","background-attachment":"scroll","background-type":"","background-media":"","overlay-type":"","overlay-color":"","overlay-opacity":"","overlay-gradient":""},"tablet":{"background-color":"","background-image":"","background-repeat":"repeat","background-position":"center center","background-size":"auto","background-attachment":"scroll","background-type":"","background-media":"","overlay-type":"","overlay-color":"","overlay-opacity":"","overlay-gradient":""},"mobile":{"background-color":"","background-image":"","background-repeat":"repeat","background-position":"center center","background-size":"auto","background-attachment":"scroll","background-type":"","background-media":"","overlay-type":"","overlay-color":"","overlay-opacity":"","overlay-gradient":""}},"ast-content-background-meta":{"desktop":{"background-color":"var(--ast-global-color-5)","background-image":"","background-repeat":"repeat","background-position":"center center","background-size":"auto","background-attachment":"scroll","background-type":"","background-media":"","overlay-type":"","overlay-color":"","overlay-opacity":"","overlay-gradient":""},"tablet":{"background-color":"var(--ast-global-color-5)","background-image":"","background-repeat":"repeat","background-position":"center center","background-size":"auto","background-attachment":"scroll","background-type":"","background-media":"","overlay-type":"","overlay-color":"","overlay-opacity":"","overlay-gradient":""},"mobile":{"background-color":"var(--ast-global-color-5)","background-image":"","background-repeat":"repeat","background-position":"center center","background-size":"auto","background-attachment":"scroll","background-type":"","background-media":"","overlay-type":"","overlay-color":"","overlay-opacity":"","overlay-gradient":""}},"footnotes":""},"class_list":["post-1241","page","type-page","status-publish","hentry"],"_links":{"self":[{"href":"https:\/\/jnhcoaching.de\/de\/wp-json\/wp\/v2\/pages\/1241","targetHints":{"allow":["GET"]}}],"collection":[{"href":"https:\/\/jnhcoaching.de\/de\/wp-json\/wp\/v2\/pages"}],"about":[{"href":"https:\/\/jnhcoaching.de\/de\/wp-json\/wp\/v2\/types\/page"}],"author":[{"embeddable":true,"href":"https:\/\/jnhcoaching.de\/de\/wp-json\/wp\/v2\/users\/3"}],"replies":[{"embeddable":true,"href":"https:\/\/jnhcoaching.de\/de\/wp-json\/wp\/v2\/comments?post=1241"}],"version-history":[{"count":123,"href":"https:\/\/jnhcoaching.de\/de\/wp-json\/wp\/v2\/pages\/1241\/revisions"}],"predecessor-version":[{"id":6091,"href":"https:\/\/jnhcoaching.de\/de\/wp-json\/wp\/v2\/pages\/1241\/revisions\/6091"}],"up":[{"embeddable":true,"href":"https:\/\/jnhcoaching.de\/de\/wp-json\/wp\/v2\/pages\/935"}],"wp:attachment":[{"href":"https:\/\/jnhcoaching.de\/de\/wp-json\/wp\/v2\/media?parent=1241"}],"curies":[{"name":"wp","href":"https:\/\/api.w.org\/{rel}","templated":true}]}}