{"id":1243,"date":"2020-08-01T00:23:40","date_gmt":"2020-07-31T22:23:40","guid":{"rendered":"https:\/\/jnhcoaching.de\/?page_id=1243"},"modified":"2026-03-19T11:56:17","modified_gmt":"2026-03-19T10:56:17","slug":"presentation-coaching","status":"publish","type":"page","link":"https:\/\/jnhcoaching.de\/de\/coaching-programmes\/presentation-coaching\/","title":{"rendered":"Intensives <br>Pr\u00e4sentationscoaching"},"content":{"rendered":"<div data-elementor-type=\"wp-page\" data-elementor-id=\"1243\" class=\"elementor elementor-1243\" data-elementor-post-type=\"page\">\n\t\t\t\t<div class=\"elementor-element elementor-element-f2b69b9 e-flex e-con-boxed e-con e-parent\" data-id=\"f2b69b9\" data-element_type=\"container\" data-e-type=\"container\" data-settings=\"{&quot;background_background&quot;:&quot;classic&quot;}\">\n\t\t\t\t\t<div class=\"e-con-inner\">\n\t\t<div class=\"elementor-element elementor-element-4685b74 e-con-full e-flex e-con e-child\" data-id=\"4685b74\" data-element_type=\"container\" data-e-type=\"container\">\n\t\t\t\t<div class=\"elementor-element elementor-element-c004786 animated-slow elementor-invisible elementor-widget elementor-widget-heading\" data-id=\"c004786\" data-element_type=\"widget\" data-e-type=\"widget\" data-settings=\"{&quot;_animation&quot;:&quot;fadeIn&quot;,&quot;_animation_delay&quot;:10}\" data-widget_type=\"heading.default\">\n\t\t\t\t<div class=\"elementor-widget-container\">\n\t\t\t\t\t<h1 class=\"elementor-heading-title elementor-size-default\">Intensives <br>Pr\u00e4sentationscoaching<\/h1>\t\t\t\t<\/div>\n\t\t\t\t<\/div>\n\t\t\t\t<\/div>\n\t\t\t\t\t<\/div>\n\t\t\t\t<\/div>\n\t\t<div class=\"elementor-element elementor-element-13809f7 e-flex e-con-boxed e-con e-parent\" data-id=\"13809f7\" data-element_type=\"container\" data-e-type=\"container\" data-settings=\"{&quot;background_background&quot;:&quot;classic&quot;}\">\n\t\t\t\t\t<div class=\"e-con-inner\">\n\t\t<div class=\"elementor-element elementor-element-7995964 e-con-full e-flex e-con e-child\" data-id=\"7995964\" data-element_type=\"container\" data-e-type=\"container\">\n\t\t\t\t<div class=\"elementor-element elementor-element-bae4556 elementor-widget elementor-widget-image\" data-id=\"bae4556\" data-element_type=\"widget\" data-e-type=\"widget\" data-widget_type=\"image.default\">\n\t\t\t\t<div class=\"elementor-widget-container\">\n\t\t\t\t\t\t\t\t\t\t\t\t\t\t\t<img fetchpriority=\"high\" decoding=\"async\" width=\"600\" height=\"464\" src=\"https:\/\/jnhcoaching.de\/wp-content\/uploads\/2023\/02\/presentation-pic-2.png\" class=\"attachment-full size-full wp-image-4073\" alt=\"\" srcset=\"https:\/\/jnhcoaching.de\/wp-content\/uploads\/2023\/02\/presentation-pic-2.png 600w, https:\/\/jnhcoaching.de\/wp-content\/uploads\/2023\/02\/presentation-pic-2-300x232.png 300w, https:\/\/jnhcoaching.de\/wp-content\/uploads\/2023\/02\/presentation-pic-2-16x12.png 16w\" sizes=\"(max-width: 600px) 100vw, 600px\" \/>\t\t\t\t\t\t\t\t\t\t\t\t\t\t\t<\/div>\n\t\t\t\t<\/div>\n\t\t\t\t<\/div>\n\t\t<div class=\"elementor-element elementor-element-26d45f4 e-con-full e-flex e-con e-child\" data-id=\"26d45f4\" data-element_type=\"container\" data-e-type=\"container\">\n\t\t\t\t<div class=\"elementor-element elementor-element-8dfe61c animated-slow elementor-widget elementor-widget-heading\" data-id=\"8dfe61c\" data-element_type=\"widget\" data-e-type=\"widget\" data-settings=\"{&quot;_animation&quot;:&quot;none&quot;,&quot;_animation_delay&quot;:10}\" data-widget_type=\"heading.default\">\n\t\t\t\t<div class=\"elementor-widget-container\">\n\t\t\t\t\t<h2 class=\"elementor-heading-title elementor-size-default\">ERFOLGREICH KOMMUNIZIEREN<\/h2>\t\t\t\t<\/div>\n\t\t\t\t<\/div>\n\t\t\t\t<div class=\"elementor-element elementor-element-8777e87 elementor-widget elementor-widget-text-editor\" data-id=\"8777e87\" data-element_type=\"widget\" data-e-type=\"widget\" data-widget_type=\"text-editor.default\">\n\t\t\t\t<div class=\"elementor-widget-container\">\n\t\t\t\t\t\t\t\t\t<p style=\"font-weight: 400;\">Dies ist deine Gelegenheit, deine Karriere voranzutreiben. Nutzen wir die harte Arbeit und das Wissen, das dich auf dieses Niveau gebracht hat. Lenke die Aufmerksamkeit auf dich\u2013mit der Kompetenz und Erfahrung, die du hast, um als der Leader wahrgenommen zu werden, der du bist.<strong style=\"font-style: inherit; font-family: var( --e-global-typography-text-font-family ), Sans-serif;\">&nbsp;<\/strong><\/p>\t\t\t\t\t\t\t\t<\/div>\n\t\t\t\t<\/div>\n\t\t\t\t<div class=\"elementor-element elementor-element-31ca172 animated-slow elementor-widget elementor-widget-heading\" data-id=\"31ca172\" data-element_type=\"widget\" data-e-type=\"widget\" data-settings=\"{&quot;_animation&quot;:&quot;none&quot;,&quot;_animation_delay&quot;:10}\" data-widget_type=\"heading.default\">\n\t\t\t\t<div class=\"elementor-widget-container\">\n\t\t\t\t\t<h2 class=\"elementor-heading-title elementor-size-default\">FEINSCHLIFF F\u00dcR DEINE F\u00dcHRUNGSKOMMUNIKATION<\/h2>\t\t\t\t<\/div>\n\t\t\t\t<\/div>\n\t\t\t\t<div class=\"elementor-element elementor-element-6230ab3 elementor-widget elementor-widget-text-editor\" data-id=\"6230ab3\" data-element_type=\"widget\" data-e-type=\"widget\" data-widget_type=\"text-editor.default\">\n\t\t\t\t<div class=\"elementor-widget-container\">\n\t\t\t\t\t\t\t\t\t<p style=\"font-weight: 400;\"><span style=\"font-style: inherit; font-family: var( --e-global-typography-text-font-family ), Sans-serif;\">Du hast viel Erfahrung in deiner Rolle, du bist Experte in deinem Arbeitsbereich und hast jahrelange Arbeitserfahrung. Aber vor einem Publikum zu pr\u00e4sentieren, kann eine Herausforderung sein. Dies ist h\u00e4ufiger der Fall, als du vielleicht denkst.&nbsp;<\/span><\/p>\n<p style=\"font-weight: 400;\"><span style=\"font-style: inherit; font-family: var( --e-global-typography-text-font-family ), Sans-serif;\">Es ist nicht jedem in die Wiege gelegt worden, eine fein abgestimmte \u2018Pr\u00e4sentationsmaschine\u2019 zu sein, und es ist nur nat\u00fcrlich, nach fachlicher Hilfe daf\u00fcr zu suchen. Die gute Nachricht ist, dass die Kernkompetenz einer F\u00fchrungskraft, n\u00e4mlich effektive Kommunikation, erlernt, trainiert und verfeinert werden kann.<\/span><\/p>\n<p><b>Pr\u00e4sentationscoaching hilft dabei:<\/b><\/p>\n<ul>\n<li style=\"font-weight: 400;\">Die Aufmerksamkeit des Publikums zu gewinnen und zu halten<\/li>\n<li>Selbstbewusst vor jeder Gruppe zu sprechen&nbsp;<\/li>\n<li>Fakten und Zahlen vorzustellen und die Aufmerksamkeit des Raums zu fordern&nbsp;<\/li>\n<li>Einen bleibenden Eindruck von deinen Leistungen und deinem Potenzial zu hinterlassen<\/li>\n<li>Sicherzustellen, dass die Botschaft, die das Publikum mitnimmt, der Kernpunkt deiner Pr\u00e4sentation ist<\/li>\n<\/ul>\n<p style=\"font-weight: 400;\">In meinem Programm \u201cKommunizieren f\u00fcr den Erfolg\u201d arbeite ich mit Kunden zusammen, um ihnen beizubringen, wie sie auf eine fesselnde und Aufmerksamkeit fordernde Art und Weise kommunizieren k\u00f6nnen.<\/p>\n<p style=\"font-weight: 400;\"><strong><em>\u201eEine Pr\u00e4sentation wird gesprochen, nicht gelesen.\u201d\u00a0 \u00a0 \u2014Julia Nicholson Harig<\/em><\/strong><\/p>\t\t\t\t\t\t\t\t<\/div>\n\t\t\t\t<\/div>\n\t\t\t\t<\/div>\n\t\t\t\t\t<\/div>\n\t\t\t\t<\/div>\n\t\t<div class=\"elementor-element elementor-element-779b306 e-flex e-con-boxed e-con e-parent\" data-id=\"779b306\" data-element_type=\"container\" data-e-type=\"container\">\n\t\t\t\t\t<div class=\"e-con-inner\">\n\t\t<div class=\"elementor-element elementor-element-0b7eb49 e-con-full e-flex e-con e-child\" data-id=\"0b7eb49\" data-element_type=\"container\" data-e-type=\"container\">\n\t\t\t\t<div class=\"elementor-element elementor-element-a347f63 elementor-widget elementor-widget-text-editor\" data-id=\"a347f63\" data-element_type=\"widget\" data-e-type=\"widget\" data-widget_type=\"text-editor.default\">\n\t\t\t\t<div class=\"elementor-widget-container\">\n\t\t\t\t\t\t\t\t\t<p>Als Einstieg biete ich eine kostenlose und unverbindliche, 20-min\u00fctige Session zum Kennenlernen an. Du kannst unsere Unterhaltung gleich <a href=\"https:\/\/jnhcoaching.de\/de\/contact\/\"><strong>hier&nbsp;<\/strong><\/a>buchen, damit wir loslegen k\u00f6nnen!<\/p>\t\t\t\t\t\t\t\t<\/div>\n\t\t\t\t<\/div>\n\t\t\t\t<\/div>\n\t\t\t\t\t<\/div>\n\t\t\t\t<\/div>\n\t\t<div class=\"elementor-element elementor-element-6c4ab3f e-flex e-con-boxed e-con e-parent\" data-id=\"6c4ab3f\" data-element_type=\"container\" data-e-type=\"container\" data-settings=\"{&quot;background_background&quot;:&quot;classic&quot;}\">\n\t\t\t\t\t<div class=\"e-con-inner\">\n\t\t<div class=\"elementor-element elementor-element-fd81bd1 e-con-full e-flex e-con e-child\" data-id=\"fd81bd1\" data-element_type=\"container\" data-e-type=\"container\">\n\t\t\t\t<div class=\"elementor-element elementor-element-c37f051 animated-slow elementor-widget elementor-widget-heading\" data-id=\"c37f051\" data-element_type=\"widget\" data-e-type=\"widget\" data-settings=\"{&quot;_animation&quot;:&quot;none&quot;,&quot;_animation_delay&quot;:10}\" data-widget_type=\"heading.default\">\n\t\t\t\t<div class=\"elementor-widget-container\">\n\t\t\t\t\t<h2 class=\"elementor-heading-title elementor-size-default\">FEINSCHLIFF F\u00dcR DEINE F\u00dcHRUNGSPRESENTATIONS<\/h2>\t\t\t\t<\/div>\n\t\t\t\t<\/div>\n\t\t\t\t<div class=\"elementor-element elementor-element-50df9d0 elementor-widget elementor-widget-text-editor\" data-id=\"50df9d0\" data-element_type=\"widget\" data-e-type=\"widget\" data-widget_type=\"text-editor.default\">\n\t\t\t\t<div class=\"elementor-widget-container\">\n\t\t\t\t\t\t\t\t\t<p style=\"font-weight: 400;\">In diesem Programm st\u00e4rken wir gezielt Ihr Selbstvertrauen und entwickeln Ihre pers\u00f6nliche F\u00fchrungspr\u00e4senz\u2014eine F\u00e4higkeit, die Sie jederzeit und \u00fcberall in Ihren Pr\u00e4sentationen einsetzen k\u00f6nnen.<\/p>\nEffektive Pr\u00e4sentationen sind ein zentraler Bestandteil Ihrer F\u00fchrungsrolle. Sie erm\u00f6glichen es Ihnen, Ihr Fachwissen und Ihre Erfahrung \u00fcberzeugend zu vermitteln. Genau wie F\u00fchrungskommunikation ist auch Pr\u00e4sentieren eine F\u00e4higkeit, die man lernen, trainieren und verfeinern kann.<\/span><\/p>\n\n<ul>\n \t<li style=\"font-weight: 400;\">Eine ansprechende Botschaft identifizieren und formulieren<\/li>\n \t<li style=\"font-weight: 400;\">Ein klare Struktur f\u00fcr Ihre Pr\u00e4sentation entwickeln<\/li>\n \t<li style=\"font-weight: 400;\">Die Kernbotschaft verinnerlichen und souver\u00e4n vermitteln<\/li>\n \t<li style=\"font-weight: 400;\">Die Pr\u00e4sentation gezielt verbessern\u2014inhaltlich und visuell<\/li>\n \t<li style=\"font-weight: 400;\">Selbstvertrauen aufbauen: souver\u00e4n bleiben, auch bei Unterbrechungen<\/li>\n \t<li style=\"font-weight: 400;\">\u00dcbersichtliche Folien gestalten\u2014mit Kernpunkten statt Textw\u00fcsten<\/li>\n<\/ul>\n<p style=\"font-weight: 400;\"><strong><em>\u201eWie Sie pr\u00e4sentieren, ist genauso wichtig wie das, was Sie pr\u00e4sentieren.\u201c \u00a0<\/em><\/strong><strong style=\"font-style: inherit; font-family: var( --e-global-typography-text-font-family ), Sans-serif;\"><em>\u00a0\u2013\u00a0<\/em><\/strong><strong style=\"font-family: var( --e-global-typography-text-font-family ), Sans-serif;\"><span style=\"font-style: italic;\">\u2014Julia Nicholson Harig<\/span><\/strong><\/p>\t\t\t\t\t\t\t\t<\/div>\n\t\t\t\t<\/div>\n\t\t\t\t<\/div>\n\t\t<div class=\"elementor-element elementor-element-155e282 e-con-full e-flex e-con e-child\" data-id=\"155e282\" data-element_type=\"container\" data-e-type=\"container\" data-settings=\"{&quot;background_background&quot;:&quot;classic&quot;}\">\n\t\t\t\t<div class=\"elementor-element elementor-element-c507f8f elementor-widget elementor-widget-heading\" data-id=\"c507f8f\" data-element_type=\"widget\" data-e-type=\"widget\" data-widget_type=\"heading.default\">\n\t\t\t\t<div class=\"elementor-widget-container\">\n\t\t\t\t\t<h2 class=\"elementor-heading-title elementor-size-default\">Du wirst bereit sein, eine dynamische, stichhaltige, und \u00fcberzeugende Pr\u00e4sentation abzuliefern. Und die Zuh\u00f6rer werden dir ihre volle Aufmerksamkeit widmen.<\/h2>\t\t\t\t<\/div>\n\t\t\t\t<\/div>\n\t\t\t\t<\/div>\n\t\t\t\t\t<\/div>\n\t\t\t\t<\/div>\n\t\t<div class=\"elementor-element elementor-element-baaf9df e-flex e-con-boxed e-con e-parent\" data-id=\"baaf9df\" data-element_type=\"container\" data-e-type=\"container\">\n\t\t\t\t\t<div class=\"e-con-inner\">\n\t\t<div class=\"elementor-element elementor-element-6049b0a e-con-full e-flex e-con e-child\" data-id=\"6049b0a\" data-element_type=\"container\" data-e-type=\"container\">\n\t\t\t\t<div class=\"elementor-element elementor-element-6465240 elementor-align-center elementor-invisible elementor-widget elementor-widget-button\" data-id=\"6465240\" data-element_type=\"widget\" data-e-type=\"widget\" data-settings=\"{&quot;_animation&quot;:&quot;fadeIn&quot;,&quot;_animation_delay&quot;:500}\" data-widget_type=\"button.default\">\n\t\t\t\t<div class=\"elementor-widget-container\">\n\t\t\t\t\t\t\t\t\t<div class=\"elementor-button-wrapper\">\n\t\t\t\t\t<a class=\"elementor-button elementor-button-link elementor-size-sm\" href=\"https:\/\/jnhcoaching.de\/de\/contact\/\">\n\t\t\t\t\t\t<span class=\"elementor-button-content-wrapper\">\n\t\t\t\t\t\t\t\t\t<span class=\"elementor-button-text\">ICH M\u00d6CHTE LOSLEGEN!<\/span>\n\t\t\t\t\t<\/span>\n\t\t\t\t\t<\/a>\n\t\t\t\t<\/div>\n\t\t\t\t\t\t\t\t<\/div>\n\t\t\t\t<\/div>\n\t\t\t\t<\/div>\n\t\t\t\t\t<\/div>\n\t\t\t\t<\/div>\n\t\t<div class=\"elementor-element elementor-element-04f67dc e-flex e-con-boxed e-con e-parent\" data-id=\"04f67dc\" data-element_type=\"container\" data-e-type=\"container\" data-settings=\"{&quot;background_background&quot;:&quot;classic&quot;}\">\n\t\t\t\t\t<div class=\"e-con-inner\">\n\t\t<div class=\"elementor-element elementor-element-18b7ff9 e-con-full e-flex e-con e-child\" data-id=\"18b7ff9\" data-element_type=\"container\" data-e-type=\"container\">\n\t\t\t\t<div class=\"elementor-element elementor-element-7c94ea5 elementor-widget elementor-widget-image\" data-id=\"7c94ea5\" data-element_type=\"widget\" data-e-type=\"widget\" data-widget_type=\"image.default\">\n\t\t\t\t<div class=\"elementor-widget-container\">\n\t\t\t\t\t\t\t\t\t\t\t\t\t\t\t<img decoding=\"async\" width=\"600\" height=\"464\" src=\"https:\/\/jnhcoaching.de\/wp-content\/uploads\/2022\/01\/own-your-voice.jpg\" class=\"attachment-full size-full wp-image-2662\" alt=\"\" srcset=\"https:\/\/jnhcoaching.de\/wp-content\/uploads\/2022\/01\/own-your-voice.jpg 600w, https:\/\/jnhcoaching.de\/wp-content\/uploads\/2022\/01\/own-your-voice-300x232.jpg 300w, https:\/\/jnhcoaching.de\/wp-content\/uploads\/2022\/01\/own-your-voice-16x12.jpg 16w\" sizes=\"(max-width: 600px) 100vw, 600px\" \/>\t\t\t\t\t\t\t\t\t\t\t\t\t\t\t<\/div>\n\t\t\t\t<\/div>\n\t\t\t\t<\/div>\n\t\t<div class=\"elementor-element elementor-element-622ba16 e-con-full e-flex e-con e-child\" data-id=\"622ba16\" data-element_type=\"container\" data-e-type=\"container\">\n\t\t\t\t<div class=\"elementor-element elementor-element-9bda990 animated-slow elementor-widget elementor-widget-heading\" data-id=\"9bda990\" data-element_type=\"widget\" data-e-type=\"widget\" data-settings=\"{&quot;_animation&quot;:&quot;none&quot;,&quot;_animation_delay&quot;:10}\" data-widget_type=\"heading.default\">\n\t\t\t\t<div class=\"elementor-widget-container\">\n\t\t\t\t\t<h2 class=\"elementor-heading-title elementor-size-default\">DER ABLAUF: KOMMUNIZIEREN MIT ERFOLG<\/h2>\t\t\t\t<\/div>\n\t\t\t\t<\/div>\n\t\t\t\t<div class=\"elementor-element elementor-element-e0e3018 elementor-widget elementor-widget-text-editor\" data-id=\"e0e3018\" data-element_type=\"widget\" data-e-type=\"widget\" data-widget_type=\"text-editor.default\">\n\t\t\t\t<div class=\"elementor-widget-container\">\n\t\t\t\t\t\t\t\t\t<p style=\"font-weight: 400;\">Unsere Sitzung wird dem bew\u00e4hrten vierstufigen <strong>Kommunikationserfolgsprozess <\/strong>folgen:<\/p><ol><li><strong>ZIELE<\/strong><\/li><\/ol><ul><li>Was ist der Zweck der Pr\u00e4sentation? M\u00f6chtest du informieren? Eine Diskussion starten? \u00dcberzeugen? Eindruck schinden?<\/li><li>Bestimme, <strong><em>wer<\/em><\/strong> deine Zielgruppe ist und <strong><em>was<\/em><\/strong> hier Resonanz findet.<\/li><\/ul><ol start=\"2\"><li><strong>AUSSAGE\/AUSSAGEKRAFT<\/strong><\/li><\/ol><ul><li>Kreiere eine Struktur, mit der sich deine Pr\u00e4sentation \u2013 und du dich! \u2013 von den anderen abhebst<\/li><li>Schreibe deinen Text und passe ihn so an, dass er ins Schwarze trifft<\/li><li>\u00dcberpr\u00fcfe jede Seite und passe sie gegebenenfalls so an, dass sie genau auf deine Ziele ausgelegt ist<\/li><li>Verfeinere deine Intonation, sodass deine Pr\u00e4sentation nicht nur gut geschrieben ist, sondern auch gut klingt\u00a0<\/li><\/ul><ol start=\"3\"><li><strong>TONAUFNAHME<\/strong><\/li><\/ol><ul><li style=\"font-weight: 400;\">Eine Pr\u00e4sentation aufzunehmen gibt dir die M\u00f6glichkeit, mit deinen eigenen W\u00f6rtern, deiner Intonation und deiner Sprachmelodie vertraut zu werden. Dies wirkt sich sehr positiv darauf aus, wie authentisch und \u00fcberzeugend du dann in der tats\u00e4chlichen Pr\u00e4sentation wirkst.\u00a0<\/li><\/ul><ol start=\"4\"><li style=\"font-weight: 400;\"><strong> \u00dcBEN<\/strong><\/li><\/ol><ul><li style=\"font-weight: 400;\">Der Schl\u00fcssel zu einer erfolgreichen Pr\u00e4sentation liegt darin, sich damit wohlzuf\u00fchlen: Deine Worte, die Botschaft und deine Absicht sind das, was die Zuh\u00f6rer aus deiner Pr\u00e4sentation mitnehmen. \u00dcbung macht den Meister.<\/li><li>Nach diesem intensiven Programm wirst du selbstbewusster kommunizieren und pr\u00e4sentieren, in voller Vorfreude darauf, deine St\u00e4rken zu pr\u00e4sentieren und deine Expertise und Talent zu demonstrieren.<\/li><\/ul>\t\t\t\t\t\t\t\t<\/div>\n\t\t\t\t<\/div>\n\t\t\t\t<\/div>\n\t\t\t\t\t<\/div>\n\t\t\t\t<\/div>\n\t\t<div class=\"elementor-element elementor-element-db0cb77 e-flex e-con-boxed e-con e-parent\" data-id=\"db0cb77\" data-element_type=\"container\" data-e-type=\"container\" data-settings=\"{&quot;background_background&quot;:&quot;classic&quot;}\">\n\t\t\t\t\t<div class=\"e-con-inner\">\n\t\t<div class=\"elementor-element elementor-element-afba3d7 e-con-full e-flex e-con e-child\" data-id=\"afba3d7\" data-element_type=\"container\" data-e-type=\"container\">\n\t\t\t\t<div class=\"elementor-element elementor-element-a191ae4 elementor-widget elementor-widget-heading\" data-id=\"a191ae4\" data-element_type=\"widget\" data-e-type=\"widget\" data-widget_type=\"heading.default\">\n\t\t\t\t<div class=\"elementor-widget-container\">\n\t\t\t\t\t<h2 class=\"elementor-heading-title elementor-size-default\">Kommunizieren Sie mit Selbstvertrauen.<\/h2>\t\t\t\t<\/div>\n\t\t\t\t<\/div>\n\t\t\t\t<\/div>\n\t\t\t\t\t<\/div>\n\t\t\t\t<\/div>\n\t\t\t\t<\/div>","protected":false},"excerpt":{"rendered":"<p>Presentation Coaching COMMUNICATE FOR SUCCESS This is your opportunity to unlock the next stage in your career. Let&#8217;s leverage the hard work and intellect that has gotten you to this level. Capture people\u2019s attention with the competence and experience you have, to be seen as the leader you are.&nbsp; FINE-TUNE YOUR LEADERSHIP COMMUNICATION You have [&hellip;]<\/p>\n","protected":false},"author":3,"featured_media":0,"parent":935,"menu_order":3,"comment_status":"closed","ping_status":"closed","template":"","meta":{"site-sidebar-layout":"no-sidebar","site-content-layout":"default","ast-site-content-layout":"default","site-content-style":"default","site-sidebar-style":"default","ast-global-header-display":"","ast-banner-title-visibility":"","ast-main-header-display":"","ast-hfb-above-header-display":"","ast-hfb-below-header-display":"","ast-hfb-mobile-header-display":"","site-post-title":"disabled","ast-breadcrumbs-content":"","ast-featured-img":"disabled","footer-sml-layout":"","ast-disable-related-posts":"","theme-transparent-header-meta":"default","adv-header-id-meta":"","stick-header-meta":"","header-above-stick-meta":"","header-main-stick-meta":"","header-below-stick-meta":"","astra-migrate-meta-layouts":"default","ast-page-background-enabled":"default","ast-page-background-meta":{"desktop":{"background-color":"","background-image":"","background-repeat":"repeat","background-position":"center center","background-size":"auto","background-attachment":"scroll","background-type":"","background-media":"","overlay-type":"","overlay-color":"","overlay-opacity":"","overlay-gradient":""},"tablet":{"background-color":"","background-image":"","background-repeat":"repeat","background-position":"center center","background-size":"auto","background-attachment":"scroll","background-type":"","background-media":"","overlay-type":"","overlay-color":"","overlay-opacity":"","overlay-gradient":""},"mobile":{"background-color":"","background-image":"","background-repeat":"repeat","background-position":"center center","background-size":"auto","background-attachment":"scroll","background-type":"","background-media":"","overlay-type":"","overlay-color":"","overlay-opacity":"","overlay-gradient":""}},"ast-content-background-meta":{"desktop":{"background-color":"var(--ast-global-color-5)","background-image":"","background-repeat":"repeat","background-position":"center center","background-size":"auto","background-attachment":"scroll","background-type":"","background-media":"","overlay-type":"","overlay-color":"","overlay-opacity":"","overlay-gradient":""},"tablet":{"background-color":"var(--ast-global-color-5)","background-image":"","background-repeat":"repeat","background-position":"center center","background-size":"auto","background-attachment":"scroll","background-type":"","background-media":"","overlay-type":"","overlay-color":"","overlay-opacity":"","overlay-gradient":""},"mobile":{"background-color":"var(--ast-global-color-5)","background-image":"","background-repeat":"repeat","background-position":"center center","background-size":"auto","background-attachment":"scroll","background-type":"","background-media":"","overlay-type":"","overlay-color":"","overlay-opacity":"","overlay-gradient":""}},"footnotes":""},"class_list":["post-1243","page","type-page","status-publish","hentry"],"_links":{"self":[{"href":"https:\/\/jnhcoaching.de\/de\/wp-json\/wp\/v2\/pages\/1243","targetHints":{"allow":["GET"]}}],"collection":[{"href":"https:\/\/jnhcoaching.de\/de\/wp-json\/wp\/v2\/pages"}],"about":[{"href":"https:\/\/jnhcoaching.de\/de\/wp-json\/wp\/v2\/types\/page"}],"author":[{"embeddable":true,"href":"https:\/\/jnhcoaching.de\/de\/wp-json\/wp\/v2\/users\/3"}],"replies":[{"embeddable":true,"href":"https:\/\/jnhcoaching.de\/de\/wp-json\/wp\/v2\/comments?post=1243"}],"version-history":[{"count":121,"href":"https:\/\/jnhcoaching.de\/de\/wp-json\/wp\/v2\/pages\/1243\/revisions"}],"predecessor-version":[{"id":6088,"href":"https:\/\/jnhcoaching.de\/de\/wp-json\/wp\/v2\/pages\/1243\/revisions\/6088"}],"up":[{"embeddable":true,"href":"https:\/\/jnhcoaching.de\/de\/wp-json\/wp\/v2\/pages\/935"}],"wp:attachment":[{"href":"https:\/\/jnhcoaching.de\/de\/wp-json\/wp\/v2\/media?parent=1243"}],"curies":[{"name":"wp","href":"https:\/\/api.w.org\/{rel}","templated":true}]}}