{"id":2524,"date":"2022-01-24T06:31:05","date_gmt":"2022-01-24T05:31:05","guid":{"rendered":"https:\/\/jnhcoaching.de\/?page_id=2524"},"modified":"2026-03-19T11:56:03","modified_gmt":"2026-03-19T10:56:03","slug":"team-coaching","status":"publish","type":"page","link":"https:\/\/jnhcoaching.de\/de\/coaching-programmes\/team-coaching\/","title":{"rendered":"Team Coaching"},"content":{"rendered":"<div data-elementor-type=\"wp-page\" data-elementor-id=\"2524\" class=\"elementor elementor-2524\" data-elementor-post-type=\"page\">\n\t\t\t\t<div class=\"elementor-element elementor-element-a97920f e-flex e-con-boxed e-con e-parent\" data-id=\"a97920f\" data-element_type=\"container\" data-e-type=\"container\" data-settings=\"{&quot;background_background&quot;:&quot;classic&quot;}\">\n\t\t\t\t\t<div class=\"e-con-inner\">\n\t\t<div class=\"elementor-element elementor-element-cd6a93d e-con-full e-flex e-con e-child\" data-id=\"cd6a93d\" data-element_type=\"container\" data-e-type=\"container\">\n\t\t\t\t<div class=\"elementor-element elementor-element-0f4ad75 animated-slow elementor-invisible elementor-widget elementor-widget-heading\" data-id=\"0f4ad75\" data-element_type=\"widget\" data-e-type=\"widget\" data-settings=\"{&quot;_animation&quot;:&quot;fadeIn&quot;,&quot;_animation_delay&quot;:10}\" data-widget_type=\"heading.default\">\n\t\t\t\t<div class=\"elementor-widget-container\">\n\t\t\t\t\t<h1 class=\"elementor-heading-title elementor-size-default\">TEAM COACHING<\/h1>\t\t\t\t<\/div>\n\t\t\t\t<\/div>\n\t\t\t\t<\/div>\n\t\t\t\t\t<\/div>\n\t\t\t\t<\/div>\n\t\t<div class=\"elementor-element elementor-element-13a0317 e-flex e-con-boxed e-con e-parent\" data-id=\"13a0317\" data-element_type=\"container\" data-e-type=\"container\" data-settings=\"{&quot;background_background&quot;:&quot;classic&quot;}\">\n\t\t\t\t\t<div class=\"e-con-inner\">\n\t\t<div class=\"elementor-element elementor-element-96ae1c7 e-con-full e-flex e-con e-child\" data-id=\"96ae1c7\" data-element_type=\"container\" data-e-type=\"container\">\n\t\t\t\t<div class=\"elementor-element elementor-element-55c2140 elementor-widget elementor-widget-image\" data-id=\"55c2140\" data-element_type=\"widget\" data-e-type=\"widget\" data-widget_type=\"image.default\">\n\t\t\t\t<div class=\"elementor-widget-container\">\n\t\t\t\t\t\t\t\t\t\t\t\t\t\t\t<img fetchpriority=\"high\" decoding=\"async\" width=\"600\" height=\"464\" src=\"https:\/\/jnhcoaching.de\/wp-content\/uploads\/2022\/01\/own-your-voice.jpg\" class=\"attachment-full size-full wp-image-2662\" alt=\"\" srcset=\"https:\/\/jnhcoaching.de\/wp-content\/uploads\/2022\/01\/own-your-voice.jpg 600w, https:\/\/jnhcoaching.de\/wp-content\/uploads\/2022\/01\/own-your-voice-300x232.jpg 300w, https:\/\/jnhcoaching.de\/wp-content\/uploads\/2022\/01\/own-your-voice-16x12.jpg 16w\" sizes=\"(max-width: 600px) 100vw, 600px\" \/>\t\t\t\t\t\t\t\t\t\t\t\t\t\t\t<\/div>\n\t\t\t\t<\/div>\n\t\t\t\t<\/div>\n\t\t<div class=\"elementor-element elementor-element-7a26d30 e-con-full e-flex e-con e-child\" data-id=\"7a26d30\" data-element_type=\"container\" data-e-type=\"container\">\n\t\t\t\t<div class=\"elementor-element elementor-element-d4365e1 animated-slow elementor-widget elementor-widget-heading\" data-id=\"d4365e1\" data-element_type=\"widget\" data-e-type=\"widget\" data-settings=\"{&quot;_animation&quot;:&quot;none&quot;,&quot;_animation_delay&quot;:10}\" data-widget_type=\"heading.default\">\n\t\t\t\t<div class=\"elementor-widget-container\">\n\t\t\t\t\t<h2 class=\"elementor-heading-title elementor-size-default\">WARUM TEAM COACHING?<\/h2>\t\t\t\t<\/div>\n\t\t\t\t<\/div>\n\t\t\t\t<div class=\"elementor-element elementor-element-3b82c1f elementor-widget elementor-widget-text-editor\" data-id=\"3b82c1f\" data-element_type=\"widget\" data-e-type=\"widget\" data-widget_type=\"text-editor.default\">\n\t\t\t\t<div class=\"elementor-widget-container\">\n\t\t\t\t\t\t\t\t\t<p style=\"font-weight: 400;\">Es war eine herausfordernde Zeit f\u00fcr alle Teams. Jetzt liegt der Fokus auf der Zukunft und darauf, wie Ihr Team bestm\u00f6glich zusammenarbeiten kann.<\/p><p style=\"font-weight: 400;\">Die R\u00fcckkehr ins B\u00fcro oder die Umstellung auf mehr Remote-Arbeit bringt oft unterschiedliche Emotionen und Herausforderungen mit sich. Umstrukturierungen und neue Teamkonstellationen k\u00f6nnen bestehende Spannungen verst\u00e4rken.<\/p><p style=\"font-weight: 400;\">Gemeinsame Ziele zu definieren und eine klare Strategie zu entwickeln, ist wichtiger denn je.<\/p><p style=\"font-weight: 400;\"><strong>Team Coaching hilft Unternehmen dabei:<\/strong><\/p><ul><li style=\"font-weight: 400;\">Eine Teamidentit\u00e4t zu etablieren<\/li><li style=\"font-weight: 400;\">Sich auf Priorit\u00e4ten zu einigen<\/li><li style=\"font-weight: 400;\">Teamdynamiken zu identifizieren<\/li><li style=\"font-weight: 400;\">Gemeinsam als ein neues Team zu wachsen<\/li><li style=\"font-weight: 400;\">Die Teamzusammensetzung zu \u00fcberpr\u00fcfen<\/li><li style=\"font-weight: 400;\">Die Einstellungsstrategie zur Deckung der Bed\u00fcrfnisse zu unterst\u00fctzen<\/li><\/ul>\t\t\t\t\t\t\t\t<\/div>\n\t\t\t\t<\/div>\n\t\t\t\t<\/div>\n\t\t\t\t\t<\/div>\n\t\t\t\t<\/div>\n\t\t<div class=\"elementor-element elementor-element-6f41917 e-flex e-con-boxed e-con e-parent\" data-id=\"6f41917\" data-element_type=\"container\" data-e-type=\"container\" data-settings=\"{&quot;background_background&quot;:&quot;classic&quot;}\">\n\t\t\t\t\t<div class=\"e-con-inner\">\n\t\t<div class=\"elementor-element elementor-element-bc0415a e-con-full e-flex e-con e-child\" data-id=\"bc0415a\" data-element_type=\"container\" data-e-type=\"container\">\n\t\t\t\t<div class=\"elementor-element elementor-element-7e3c7d6 animated-slow elementor-widget elementor-widget-heading\" data-id=\"7e3c7d6\" data-element_type=\"widget\" data-e-type=\"widget\" data-settings=\"{&quot;_animation&quot;:&quot;none&quot;,&quot;_animation_delay&quot;:10}\" data-widget_type=\"heading.default\">\n\t\t\t\t<div class=\"elementor-widget-container\">\n\t\t\t\t\t<h2 class=\"elementor-heading-title elementor-size-default\">Julia's team coaching<\/h2>\t\t\t\t<\/div>\n\t\t\t\t<\/div>\n\t\t\t\t<div class=\"elementor-element elementor-element-9d37952 elementor-widget elementor-widget-text-editor\" data-id=\"9d37952\" data-element_type=\"widget\" data-e-type=\"widget\" data-widget_type=\"text-editor.default\">\n\t\t\t\t<div class=\"elementor-widget-container\">\n\t\t\t\t\t\t\t\t\t<div><ul><li style=\"font-weight: 400;\">Bewertet die St\u00e4rken und Schw\u00e4chen des Teams<\/li><li style=\"font-weight: 400;\">Entwickelt Kommunikationsstile weiter<\/li><li style=\"font-weight: 400;\">\u00dcberpr\u00fcft und schl\u00e4gt Erg\u00e4nzungen zur Unternehmenskultur vor<\/li><li style=\"font-weight: 400;\">Bietet optionale DISC-Pers\u00f6nlichkeitsprofile an<\/li><li style=\"font-weight: 400;\">Bietet optionale 360-Grad-F\u00fchrungskr\u00e4ftebeurteilungen f\u00fcr F\u00fchrungskr\u00e4fte und zuk\u00fcnftige F\u00fchrungskr\u00e4fte an<\/li><\/ul><\/div>\t\t\t\t\t\t\t\t<\/div>\n\t\t\t\t<\/div>\n\t\t\t\t<\/div>\n\t\t<div class=\"elementor-element elementor-element-4bb7014 e-con-full e-flex e-con e-child\" data-id=\"4bb7014\" data-element_type=\"container\" data-e-type=\"container\" data-settings=\"{&quot;background_background&quot;:&quot;classic&quot;}\">\n\t\t\t\t<div class=\"elementor-element elementor-element-fbf4946 elementor-widget elementor-widget-heading\" data-id=\"fbf4946\" data-element_type=\"widget\" data-e-type=\"widget\" data-widget_type=\"heading.default\">\n\t\t\t\t<div class=\"elementor-widget-container\">\n\t\t\t\t\t<h2 class=\"elementor-heading-title elementor-size-default\">Gemeinsame Ziele zu definieren und eine klare Strategie zu entwickeln, ist wichtiger denn je.\n<\/h2>\t\t\t\t<\/div>\n\t\t\t\t<\/div>\n\t\t\t\t<\/div>\n\t\t\t\t\t<\/div>\n\t\t\t\t<\/div>\n\t\t<div class=\"elementor-element elementor-element-f51bbee e-flex e-con-boxed e-con e-parent\" data-id=\"f51bbee\" data-element_type=\"container\" data-e-type=\"container\">\n\t\t\t\t\t<div class=\"e-con-inner\">\n\t\t<div class=\"elementor-element elementor-element-2b4dc70 e-con-full e-flex e-con e-child\" data-id=\"2b4dc70\" data-element_type=\"container\" data-e-type=\"container\">\n\t\t\t\t<div class=\"elementor-element elementor-element-5a0c7ee elementor-align-center elementor-invisible elementor-widget elementor-widget-button\" data-id=\"5a0c7ee\" data-element_type=\"widget\" data-e-type=\"widget\" data-settings=\"{&quot;_animation&quot;:&quot;fadeIn&quot;,&quot;_animation_delay&quot;:500}\" data-widget_type=\"button.default\">\n\t\t\t\t<div class=\"elementor-widget-container\">\n\t\t\t\t\t\t\t\t\t<div class=\"elementor-button-wrapper\">\n\t\t\t\t\t<a class=\"elementor-button elementor-button-link elementor-size-sm\" href=\"https:\/\/jnhcoaching.de\/de\/contact\/\">\n\t\t\t\t\t\t<span class=\"elementor-button-content-wrapper\">\n\t\t\t\t\t\t\t\t\t<span class=\"elementor-button-text\">ICH M\u00d6CHTE LOSLEGEN!<\/span>\n\t\t\t\t\t<\/span>\n\t\t\t\t\t<\/a>\n\t\t\t\t<\/div>\n\t\t\t\t\t\t\t\t<\/div>\n\t\t\t\t<\/div>\n\t\t\t\t<\/div>\n\t\t\t\t\t<\/div>\n\t\t\t\t<\/div>\n\t\t<div class=\"elementor-element elementor-element-2f98987 e-flex e-con-boxed e-con e-parent\" data-id=\"2f98987\" data-element_type=\"container\" data-e-type=\"container\" data-settings=\"{&quot;background_background&quot;:&quot;classic&quot;}\">\n\t\t\t\t\t<div class=\"e-con-inner\">\n\t\t<div class=\"elementor-element elementor-element-e86c728 e-con-full e-flex e-con e-child\" data-id=\"e86c728\" data-element_type=\"container\" data-e-type=\"container\">\n\t\t\t\t<div class=\"elementor-element elementor-element-cb64538 elementor-widget elementor-widget-heading\" data-id=\"cb64538\" data-element_type=\"widget\" data-e-type=\"widget\" data-widget_type=\"heading.default\">\n\t\t\t\t<div class=\"elementor-widget-container\">\n\t\t\t\t\t<h2 class=\"elementor-heading-title elementor-size-default\">Ich freue mich darauf, mit euch als Team zu arbeiten!!<\/h2>\t\t\t\t<\/div>\n\t\t\t\t<\/div>\n\t\t\t\t<\/div>\n\t\t\t\t\t<\/div>\n\t\t\t\t<\/div>\n\t\t\t\t<\/div>","protected":false},"excerpt":{"rendered":"<p>TEAM COACHING WHY TEAM Coaching? It\u2019s been a challenging time for all teams. Now the focus is on the future and how your team can work best together. Returning to the office from working remotely \u2013or in many cases adapting to a more remote teams set-up\u2013can be challenging and is often met with varying emotions. [&hellip;]<\/p>\n","protected":false},"author":3,"featured_media":0,"parent":935,"menu_order":2,"comment_status":"closed","ping_status":"closed","template":"","meta":{"site-sidebar-layout":"no-sidebar","site-content-layout":"default","ast-site-content-layout":"default","site-content-style":"default","site-sidebar-style":"default","ast-global-header-display":"","ast-banner-title-visibility":"","ast-main-header-display":"","ast-hfb-above-header-display":"","ast-hfb-below-header-display":"","ast-hfb-mobile-header-display":"","site-post-title":"disabled","ast-breadcrumbs-content":"","ast-featured-img":"disabled","footer-sml-layout":"","ast-disable-related-posts":"","theme-transparent-header-meta":"","adv-header-id-meta":"","stick-header-meta":"","header-above-stick-meta":"","header-main-stick-meta":"","header-below-stick-meta":"","astra-migrate-meta-layouts":"default","ast-page-background-enabled":"default","ast-page-background-meta":{"desktop":{"background-color":"","background-image":"","background-repeat":"repeat","background-position":"center center","background-size":"auto","background-attachment":"scroll","background-type":"","background-media":"","overlay-type":"","overlay-color":"","overlay-opacity":"","overlay-gradient":""},"tablet":{"background-color":"","background-image":"","background-repeat":"repeat","background-position":"center center","background-size":"auto","background-attachment":"scroll","background-type":"","background-media":"","overlay-type":"","overlay-color":"","overlay-opacity":"","overlay-gradient":""},"mobile":{"background-color":"","background-image":"","background-repeat":"repeat","background-position":"center center","background-size":"auto","background-attachment":"scroll","background-type":"","background-media":"","overlay-type":"","overlay-color":"","overlay-opacity":"","overlay-gradient":""}},"ast-content-background-meta":{"desktop":{"background-color":"var(--ast-global-color-5)","background-image":"","background-repeat":"repeat","background-position":"center center","background-size":"auto","background-attachment":"scroll","background-type":"","background-media":"","overlay-type":"","overlay-color":"","overlay-opacity":"","overlay-gradient":""},"tablet":{"background-color":"var(--ast-global-color-5)","background-image":"","background-repeat":"repeat","background-position":"center center","background-size":"auto","background-attachment":"scroll","background-type":"","background-media":"","overlay-type":"","overlay-color":"","overlay-opacity":"","overlay-gradient":""},"mobile":{"background-color":"var(--ast-global-color-5)","background-image":"","background-repeat":"repeat","background-position":"center center","background-size":"auto","background-attachment":"scroll","background-type":"","background-media":"","overlay-type":"","overlay-color":"","overlay-opacity":"","overlay-gradient":""}},"footnotes":""},"class_list":["post-2524","page","type-page","status-publish","hentry"],"_links":{"self":[{"href":"https:\/\/jnhcoaching.de\/de\/wp-json\/wp\/v2\/pages\/2524","targetHints":{"allow":["GET"]}}],"collection":[{"href":"https:\/\/jnhcoaching.de\/de\/wp-json\/wp\/v2\/pages"}],"about":[{"href":"https:\/\/jnhcoaching.de\/de\/wp-json\/wp\/v2\/types\/page"}],"author":[{"embeddable":true,"href":"https:\/\/jnhcoaching.de\/de\/wp-json\/wp\/v2\/users\/3"}],"replies":[{"embeddable":true,"href":"https:\/\/jnhcoaching.de\/de\/wp-json\/wp\/v2\/comments?post=2524"}],"version-history":[{"count":146,"href":"https:\/\/jnhcoaching.de\/de\/wp-json\/wp\/v2\/pages\/2524\/revisions"}],"predecessor-version":[{"id":6052,"href":"https:\/\/jnhcoaching.de\/de\/wp-json\/wp\/v2\/pages\/2524\/revisions\/6052"}],"up":[{"embeddable":true,"href":"https:\/\/jnhcoaching.de\/de\/wp-json\/wp\/v2\/pages\/935"}],"wp:attachment":[{"href":"https:\/\/jnhcoaching.de\/de\/wp-json\/wp\/v2\/media?parent=2524"}],"curies":[{"name":"wp","href":"https:\/\/api.w.org\/{rel}","templated":true}]}}