{"id":3796,"date":"2022-12-11T23:00:48","date_gmt":"2022-12-11T22:00:48","guid":{"rendered":"https:\/\/jnhcoaching.de\/?page_id=3796"},"modified":"2026-03-19T12:00:25","modified_gmt":"2026-03-19T11:00:25","slug":"1-1-leadership-and-executive-coaching","status":"publish","type":"page","link":"https:\/\/jnhcoaching.de\/de\/coaching-programmes\/1-1-leadership-and-executive-coaching\/","title":{"rendered":"1:1 Leadership und<br>Executive Coaching"},"content":{"rendered":"<div data-elementor-type=\"wp-page\" data-elementor-id=\"3796\" class=\"elementor elementor-3796\" data-elementor-post-type=\"page\">\n\t\t\t\t\t\t<section class=\"elementor-section elementor-top-section elementor-element elementor-element-0f905f5 elementor-section-stretched elementor-section-height-min-height elementor-section-boxed elementor-section-height-default elementor-section-items-middle\" data-id=\"0f905f5\" data-element_type=\"section\" data-e-type=\"section\" data-settings=\"{&quot;stretch_section&quot;:&quot;section-stretched&quot;,&quot;background_background&quot;:&quot;classic&quot;}\">\n\t\t\t\t\t\t\t<div class=\"elementor-background-overlay\"><\/div>\n\t\t\t\t\t\t\t<div class=\"elementor-container elementor-column-gap-default\">\n\t\t\t\t\t<div class=\"elementor-column elementor-col-100 elementor-top-column elementor-element elementor-element-5625382\" data-id=\"5625382\" data-element_type=\"column\" data-e-type=\"column\">\n\t\t\t<div class=\"elementor-widget-wrap elementor-element-populated\">\n\t\t\t\t\t\t<div class=\"elementor-element elementor-element-1d05f9e animated-slow elementor-invisible elementor-widget elementor-widget-heading\" data-id=\"1d05f9e\" data-element_type=\"widget\" data-e-type=\"widget\" data-settings=\"{&quot;_animation&quot;:&quot;fadeIn&quot;,&quot;_animation_delay&quot;:10}\" data-widget_type=\"heading.default\">\n\t\t\t\t<div class=\"elementor-widget-container\">\n\t\t\t\t\t<h1 class=\"elementor-heading-title elementor-size-default\">1:1 Leadership- und Executive-Coaching<\/h1>\t\t\t\t<\/div>\n\t\t\t\t<\/div>\n\t\t\t\t\t<\/div>\n\t\t<\/div>\n\t\t\t\t\t<\/div>\n\t\t<\/section>\n\t\t<div class=\"elementor-element elementor-element-f82a82f e-flex e-con-boxed e-con e-parent\" data-id=\"f82a82f\" data-element_type=\"container\" data-e-type=\"container\" data-settings=\"{&quot;background_background&quot;:&quot;classic&quot;}\">\n\t\t\t\t\t<div class=\"e-con-inner\">\n\t\t<div class=\"elementor-element elementor-element-1885d9e e-con-full e-flex e-con e-child\" data-id=\"1885d9e\" data-element_type=\"container\" data-e-type=\"container\">\n\t\t\t\t<div class=\"elementor-element elementor-element-c7036b5 elementor-widget elementor-widget-image\" data-id=\"c7036b5\" data-element_type=\"widget\" data-e-type=\"widget\" data-widget_type=\"image.default\">\n\t\t\t\t<div class=\"elementor-widget-container\">\n\t\t\t\t\t\t\t\t\t\t\t\t\t\t\t<img fetchpriority=\"high\" decoding=\"async\" width=\"400\" height=\"400\" src=\"https:\/\/jnhcoaching.de\/wp-content\/uploads\/2023\/05\/1-2-1-program-1.webp\" class=\"attachment-full size-full wp-image-4416\" alt=\"\" srcset=\"https:\/\/jnhcoaching.de\/wp-content\/uploads\/2023\/05\/1-2-1-program-1.webp 400w, https:\/\/jnhcoaching.de\/wp-content\/uploads\/2023\/05\/1-2-1-program-1-300x300.webp 300w, https:\/\/jnhcoaching.de\/wp-content\/uploads\/2023\/05\/1-2-1-program-1-150x150.webp 150w, https:\/\/jnhcoaching.de\/wp-content\/uploads\/2023\/05\/1-2-1-program-1-12x12.webp 12w\" sizes=\"(max-width: 400px) 100vw, 400px\" \/>\t\t\t\t\t\t\t\t\t\t\t\t\t\t\t<\/div>\n\t\t\t\t<\/div>\n\t\t\t\t<\/div>\n\t\t<div class=\"elementor-element elementor-element-ee66861 e-con-full e-flex e-con e-child\" data-id=\"ee66861\" data-element_type=\"container\" data-e-type=\"container\">\n\t\t\t\t<div class=\"elementor-element elementor-element-8f11603 animated-slow elementor-widget elementor-widget-heading\" data-id=\"8f11603\" data-element_type=\"widget\" data-e-type=\"widget\" data-settings=\"{&quot;_animation&quot;:&quot;none&quot;,&quot;_animation_delay&quot;:10}\" data-widget_type=\"heading.default\">\n\t\t\t\t<div class=\"elementor-widget-container\">\n\t\t\t\t\t<h2 class=\"elementor-heading-title elementor-size-default\">EIN 6-MONATIGES COACHING PROGRAMM, VOLL UND GANZ AUF DICH ZUGESCHNITTEN<\/h2>\t\t\t\t<\/div>\n\t\t\t\t<\/div>\n\t\t\t\t<div class=\"elementor-element elementor-element-41804b9 elementor-widget elementor-widget-text-editor\" data-id=\"41804b9\" data-element_type=\"widget\" data-e-type=\"widget\" data-widget_type=\"text-editor.default\">\n\t\t\t\t<div class=\"elementor-widget-container\">\n\t\t\t\t\t\t\t\t\t<p>Wir studieren und entwickeln unsere professionellen F\u00e4higkeiten, um unsere Karriere voranzubringen. Um zu wachsen und uns als strategische, fokussiere F\u00fchrungskraft zu entwickeln brauchen wir diesem Zweck gewidmete Zeitr\u00e4ume, die au\u00dferhalb der t\u00e4glich an uns gestellten betrieblichen Anforderungen liegen, und es uns erm\u00f6glichen, neue Ideen zu verfolgen, unsere Bed\u00fcrfnisse neu einzusch\u00e4tzen und die M\u00f6glichkeit haben, zu reflektieren und neue Ziele zu setzen.<\/p><p>Klingt das vertraut?<\/p><ul><li>Du versuchst es allen recht zu machen aber dabei bleibt deine eigene Zufriedenheit auf der Strecke<\/li><li>Anderen zu gefallen hat negative Auswirkungen auf deine Position als Manager und du verpasst deshalb Chancen<\/li><li>Du f\u00fchlst dich frustriert, gestresst und \u00fcberw\u00e4ltigt und kannst nicht sagen, warum<\/li><li>Du kommuniziert nicht effektiv, sodass deine Ideen und Beitr\u00e4ge \u00fcbersehen werden<\/li><li>Du hast zeitgleich 2,637 Fenster in deinem Kopf ge\u00f6ffnet, was dazu f\u00fchrt, dass du unfokussiert, ineffizient und ohne Strategie arbeitest<\/li><\/ul><p>Wie w\u00fcrdest du dich f\u00fchlen, wenn du bei der Arbeit selbstsicherer auftreten k\u00f6nntest? Wenn du dich bef\u00e4higt f\u00fchlen w\u00fcrdest, als der talentierte Mensch gesehen zu werden, der du bist? Mit Struktur, Strategie und Eigenverantwortung deinen beruflichen Aufstieg zu planen und deine Zeit einzuteilen?<\/p><p>In diesem ma\u00dfgeschneiderten 6-monatigen Coaching-Programm arbeiten wir alle zwei\nWochen zusammen, um F\u00e4higkeiten wie die Folgenden zu verbessern und zu\nerweitern:<\/p>\t\t\t\t\t\t\t\t<\/div>\n\t\t\t\t<\/div>\n\t\t\t\t<\/div>\n\t\t\t\t\t<\/div>\n\t\t\t\t<\/div>\n\t\t<div class=\"elementor-element elementor-element-2f63fa8 e-flex e-con-boxed e-con e-parent\" data-id=\"2f63fa8\" data-element_type=\"container\" data-e-type=\"container\">\n\t\t\t\t\t<div class=\"e-con-inner\">\n\t\t<div class=\"elementor-element elementor-element-26784bf e-con-full e-flex e-con e-child\" data-id=\"26784bf\" data-element_type=\"container\" data-e-type=\"container\">\n\t\t\t\t<div class=\"elementor-element elementor-element-4fca838 elementor-widget elementor-widget-text-editor\" data-id=\"4fca838\" data-element_type=\"widget\" data-e-type=\"widget\" data-widget_type=\"text-editor.default\">\n\t\t\t\t<div class=\"elementor-widget-container\">\n\t\t\t\t\t\t\t\t\t<p>Als Einstieg biete ich eine kostenlose und unverbindliche, 20-min\u00fctige Session zum Kennenlernen an. Du kannst unsere Unterhaltung gleich <a href=\"https:\/\/jnhcoaching.de\/de\/contact\/\"><strong>hier&nbsp;<\/strong><\/a>buchen, damit wir loslegen k\u00f6nnen!<\/p>\t\t\t\t\t\t\t\t<\/div>\n\t\t\t\t<\/div>\n\t\t\t\t<\/div>\n\t\t\t\t\t<\/div>\n\t\t\t\t<\/div>\n\t\t<div class=\"elementor-element elementor-element-303c51d e-flex e-con-boxed e-con e-parent\" data-id=\"303c51d\" data-element_type=\"container\" data-e-type=\"container\" data-settings=\"{&quot;background_background&quot;:&quot;classic&quot;}\">\n\t\t\t\t\t<div class=\"e-con-inner\">\n\t\t<div class=\"elementor-element elementor-element-6366724 e-con-full e-flex e-con e-child\" data-id=\"6366724\" data-element_type=\"container\" data-e-type=\"container\">\n\t\t\t\t<div class=\"elementor-element elementor-element-70a02ea animated-slow elementor-widget elementor-widget-heading\" data-id=\"70a02ea\" data-element_type=\"widget\" data-e-type=\"widget\" data-settings=\"{&quot;_animation&quot;:&quot;none&quot;,&quot;_animation_delay&quot;:10}\" data-widget_type=\"heading.default\">\n\t\t\t\t<div class=\"elementor-widget-container\">\n\t\t\t\t\t<h2 class=\"elementor-heading-title elementor-size-default\">WAS DU BEKOMMST <\/h2>\t\t\t\t<\/div>\n\t\t\t\t<\/div>\n\t\t\t\t<div class=\"elementor-element elementor-element-65e8acb elementor-widget elementor-widget-text-editor\" data-id=\"65e8acb\" data-element_type=\"widget\" data-e-type=\"widget\" data-widget_type=\"text-editor.default\">\n\t\t\t\t<div class=\"elementor-widget-container\">\n\t\t\t\t\t\t\t\t\t<div><p>Das 1:1-Programm ist ein 6-monatiges Programm, das vollst\u00e4ndig auf Ihre Bed\u00fcrfnisse und Ziele zugeschnitten ist. Das ist transformatives Coaching, nicht nur transaktional! Das bedeutet, dass Sie nicht versuchen m\u00fcssen, Sie in die Schublade eines anderen zu stecken\u2014Sie erhalten hochwertiges, individuelles Coaching, das genau auf Sie zugeschnitten ist und Sie bei der Verwirklichung Ihrer Ziele unterst\u00fctzt.<\/p><p><strong>Das Coachingprogramm bietet dir die Gelegenheit:<\/strong><\/p><\/div><ul><li>Strategien und Ma\u00dfnahmen mit jemandem zu planen, der keine eigenen Interessen verfolgt<\/li><li>Problematische Situationen bei der Arbeit offenzulegen und R\u00fcckmeldung zu erhalten<\/li><li>In eine F\u00fchrungsrolle aufzusteigen<\/li><li>In eine F\u00fchrungsrolle aufzusteigen<\/li><li>Hilfe dabei zu bekommen, dir selbst nicht l\u00e4nger im Weg zu stehen und deine Karriere voranzutreiben<\/li><li>Komplexe Situationen mit einer neutralen dritten Person zu besprechen<\/li><li>Zu lernen, wie man schwierige Gespr\u00e4che f\u00fchrt<\/li><li>Deine emotionale Intelligenz zu erforschen und zu erweitern \u2013 eine Kernkompetenz f\u00fcr die effektivsten F\u00fchrungskr\u00e4fte<\/li><li>Dein Skillset in neuem Licht zu betrachten<\/li><\/ul><div><strong>Was du bekommst:<\/strong><\/div><ul><li>Eine 90-min\u00fctige Kickoff Session<\/li><li>11 zweiw\u00f6chentliche st\u00fcndliche Sessions<\/li><li>Unbegrenzte Unterst\u00fctzung au\u00dferhalb der Sitzung<\/li><\/ul><div><strong>Was Sie durch die Zusammenarbeit mit mir erhalten:<\/strong><\/div><ul><li>Gemeinsam das Fehlende identifizieren<\/li><li>Mit klaren gesetzten Meilensteinen sicherstellen, dass Sie Ihre Ziele konsequent verfolgen, um dorthin zu gelangen, wo\u2014und wer!\u2014Sie sein m\u00f6chten<\/li><li>Einen Aktionsplan entwickeln, der unser Arbeitsprogramm leitet und daf\u00fcr sorgt, dass Sie sich nie fragen, was Sie tun m\u00fcssen<\/li><li>Einen Begleiter und Mentor, der Ihnen Folgendes bietet:<\/li><li>Ermutigung<\/li><li>Struktur f\u00fcr Ihren Transformationsprozess<\/li><li>Motivation<\/li><li>Analyse der Hindernisse<\/li><li>Identifizierung ung\u00fcnstiger Verhaltensmuster und Aufzeigen eines Weges zur Ver\u00e4nderung<\/li><li>Aufschl\u00fcsselung Ihres Ziels in konkrete und umsetzbare Schritte<\/li><\/ul><div><p><strong>Individuelles Coaching\u2014flexibel, pers\u00f6nlich, wirkungsvoll<\/strong><\/p><p>Dieses Coaching-Paket ist ma\u00dfgeschneidert auf Ihre individuellen Bed\u00fcrfnisse\u2014inklusive eines Besprechungsstils, der zu Ihnen passt.<\/p><p>Die Sitzungen k\u00f6nnen wahlweise:<\/p><ul><li>pers\u00f6nlich (im Umkreis von 200\u202fkm um Erlangen, Deutschland)<br \/>virtuell \u00fcber Zoom, Microsoft Teams oder FaceTime<\/li><li>oder in einer flexiblen Kombination aus beidem stattfinden.<\/li><li>So erhalten Sie maximale Freiheit bei gleichzeitig professioneller Begleitung\u2014ganz auf Ihre Ziele abgestimmt.<\/li><\/ul><\/div><div>\u00a0<\/div><div><strong>Sie werden dieses Coaching-Programm mit folgenden Ergebnissen abschlie\u00dfen:<\/strong><\/div><ul><li>Best\u00e4rkt, sich als das Talent zu beweisen, das Sie sind<\/li><li>Sich wohlf\u00fchlen, Ihre eigenen Bed\u00fcrfnisse an erste Stelle zu setzen und trotzdem Ihre Karriereziele zu erreichen<\/li><li>Mehr Zeit und Energie<\/li><li>Priorisieren Sie die Dinge, die Sie wollen<\/li><li>Mit einem Gef\u00fchl der Erf\u00fcllung in allen Bereichen Ihres Lebens<\/li><li>Authentizit\u00e4t\u2014ohne Kompromisse bei Ihrer Pers\u00f6nlichkeit<\/li><\/ul>\t\t\t\t\t\t\t\t<\/div>\n\t\t\t\t<\/div>\n\t\t\t\t<\/div>\n\t\t<div class=\"elementor-element elementor-element-00fa3a9 e-con-full e-flex e-con e-child\" data-id=\"00fa3a9\" data-element_type=\"container\" data-e-type=\"container\" data-settings=\"{&quot;background_background&quot;:&quot;classic&quot;}\">\n\t\t\t\t<div class=\"elementor-element elementor-element-830cafb elementor-widget elementor-widget-heading\" data-id=\"830cafb\" data-element_type=\"widget\" data-e-type=\"widget\" data-widget_type=\"heading.default\">\n\t\t\t\t<div class=\"elementor-widget-container\">\n\t\t\t\t\t<h2 class=\"elementor-heading-title elementor-size-default\">Als ACC-zertifizierter Coach der International Coach Federation (ICF) verf\u00fcge ich \u00fcber mehr als 20 Jahre Erfahrung und Fachwissen im Bereich der betrieblichen Aus- und Weiterbildung und arbeite mit aufstrebenden und sich entwickelnden F\u00fchrungskr\u00e4ften sowohl auf Englisch als auch auf Deutsch. <\/h2>\t\t\t\t<\/div>\n\t\t\t\t<\/div>\n\t\t\t\t<\/div>\n\t\t\t\t\t<\/div>\n\t\t\t\t<\/div>\n\t\t<div class=\"elementor-element elementor-element-e1c4054 e-flex e-con-boxed e-con e-parent\" data-id=\"e1c4054\" data-element_type=\"container\" data-e-type=\"container\">\n\t\t\t\t\t<div class=\"e-con-inner\">\n\t\t<div class=\"elementor-element elementor-element-b936d43 e-con-full e-flex e-con e-child\" data-id=\"b936d43\" data-element_type=\"container\" data-e-type=\"container\">\n\t\t\t\t<div class=\"elementor-element elementor-element-fd3e1b8 elementor-widget elementor-widget-text-editor\" data-id=\"fd3e1b8\" data-element_type=\"widget\" data-e-type=\"widget\" data-widget_type=\"text-editor.default\">\n\t\t\t\t<div class=\"elementor-widget-container\">\n\t\t\t\t\t\t\t\t\t<p>Als Einstieg biete ich eine kostenlose und unverbindliche, 20-min\u00fctige Session zum Kennenlernen an. Du kannst unsere Unterhaltung gleich <a href=\"https:\/\/jnhcoaching.de\/de\/contact\/\"><strong>hier&nbsp;<\/strong><\/a>buchen, damit wir loslegen k\u00f6nnen!<\/p>\t\t\t\t\t\t\t\t<\/div>\n\t\t\t\t<\/div>\n\t\t\t\t<\/div>\n\t\t\t\t\t<\/div>\n\t\t\t\t<\/div>\n\t\t<div class=\"elementor-element elementor-element-90759ce e-flex e-con-boxed e-con e-parent\" data-id=\"90759ce\" data-element_type=\"container\" data-e-type=\"container\" data-settings=\"{&quot;background_background&quot;:&quot;classic&quot;}\">\n\t\t\t\t\t<div class=\"e-con-inner\">\n\t\t<div class=\"elementor-element elementor-element-401e58f e-con-full e-flex e-con e-child\" data-id=\"401e58f\" data-element_type=\"container\" data-e-type=\"container\">\n\t\t\t\t<div class=\"elementor-element elementor-element-ca71e26 elementor-widget elementor-widget-text-editor\" data-id=\"ca71e26\" data-element_type=\"widget\" data-e-type=\"widget\" data-widget_type=\"text-editor.default\">\n\t\t\t\t<div class=\"elementor-widget-container\">\n\t\t\t\t\t\t\t\t\t<p>Authentizit\u00e4t, Resilienz und selbstbewusste Kommunikation sind der Schl\u00fcssel zu einer erfolgreichen Karriere\u2014und zu einem erf\u00fcllten Leben. Wer den eigenen, bewusst gew\u00e4hlten Weg geht, gewinnt an Gl\u00fcck, Energie, Erf\u00fcllung und Leidenschaft\u2014im Beruf wie im Leben.<\/p>\t\t\t\t\t\t\t\t<\/div>\n\t\t\t\t<\/div>\n\t\t\t\t<\/div>\n\t\t<div class=\"elementor-element elementor-element-06e3d76 e-con-full e-flex e-con e-child\" data-id=\"06e3d76\" data-element_type=\"container\" data-e-type=\"container\">\n\t\t\t\t<div class=\"elementor-element elementor-element-a3835a2 animated-slow elementor-widget elementor-widget-heading\" data-id=\"a3835a2\" data-element_type=\"widget\" data-e-type=\"widget\" data-settings=\"{&quot;_animation&quot;:&quot;none&quot;,&quot;_animation_delay&quot;:10}\" data-widget_type=\"heading.default\">\n\t\t\t\t<div class=\"elementor-widget-container\">\n\t\t\t\t\t<h2 class=\"elementor-heading-title elementor-size-default\">LCP ERGEBNISSE<\/h2>\t\t\t\t<\/div>\n\t\t\t\t<\/div>\n\t\t\t\t<div class=\"elementor-element elementor-element-30dc51b elementor-widget elementor-widget-text-editor\" data-id=\"30dc51b\" data-element_type=\"widget\" data-e-type=\"widget\" data-widget_type=\"text-editor.default\">\n\t\t\t\t<div class=\"elementor-widget-container\">\n\t\t\t\t\t\t\t\t\t<div><span style=\"color: var( --e-global-color-secondary ); font-family: var( --e-global-typography-text-font-family ), Sans-serif; background-color: var(--ast-global-color-5);\">Coaching ist eine streng vertrauliche Partnerschaft ohne zu werten. Wir erarbeiten gemeinsam Ziele und du erh\u00e4ltst objektive R\u00fcckmeldung und einen Sparringspartner, der dir hilft, dein professionelles Wachstum und deine Weiterentwicklung zu planen und umzusetzen. In einer unterst\u00fctzenden und gleichzeitig resultatsorientierten Umfeld werden wir gemeinsam an einem Actionplan arbeiten, der zu einem transformativen Ziel, mehr Stabilit\u00e4t, Produktivit\u00e4t, und mehr Belastbarkeit hinf\u00fchrt.<\/span><\/div>\n<div>&nbsp;<\/div>\n<div><p><strong>Mit einer Kombination aus Anleitung, Unterst\u00fctzung und manchmal auch herausfordernden Fragen, wirst du:<\/strong><\/p><strong>\n<\/strong><p><strong><\/strong><\/p><\/div>\n<ul>\n<li>Selbstbewusster kommunizieren<\/li>\n<li>Dir Geh\u00f6r verschaffen und Zuh\u00f6rer dazu bringen, dir mit Augen und Ohren zu folgen<\/li>\n<li>F\u00fcr deine F\u00fchrungseigenschaften und deine Leistungsst\u00e4rke Anerkennung erhalten<\/li>\n<li>Deine Karriere mit mehr Selbstbewusstsein angehen<\/li>\n<li>Die Kontrolle \u00fcber deine berufliche Laufbahn haben<\/li>\n<li>Deine F\u00fchrungsf\u00e4higkeiten und deinen F\u00fchrungsstil verbessern<\/li>\n<li>Best\u00e4rkt darin sein, im Job du selbst zu sein<\/li>\n<li>Mehr Energie und Leidenschaft f\u00fcr dein gew\u00e4hltes Fachgebiet haben<\/li>\n<\/ul>\n<div>Als ACC-zertifizierter Coach der International Coach Federation (ICF) verf\u00fcge ich \u00fcber mehr als 20 Jahre Erfahrung und Fachwissen im Bereich der betrieblichen Aus- und Weiterbildung und arbeite mit aufstrebenden und sich entwickelnden F\u00fchrungskr\u00e4ften sowohl auf Englisch als auch auf Deutsch.&nbsp;<br><br><\/div><div>I have a proven track record of helping my clients gain clarity, recognize their inner strengths, and position themselves correctly for the future they choose. Now more than ever that\u2019s what we all want for ourselves!&nbsp;<\/div>\n<div>&nbsp;<\/div>\n<div>Ich h\u00f6re nicht nur zu, sondern ich h\u00f6re auch die Zwischent\u00f6ne. Und indem ich wirkungsvolle Fragen stelle, n\u00e4heren wir uns dem Kern der Sache.<\/div>\n<div>&nbsp;<\/div>\n<div><strong>Hier sind ein paar Beispiele von Kunden in der Transformation:<\/strong><\/div>\n<div>&nbsp;<\/div>\n<ul>\n<li>Eine Kundin wurde sich bewusst, dass sie in ihrer derzeitigen Position ungl\u00fccklich und unzufrieden war. Sie bewarb sich auf einen Job, der zu ihren Talenten und St\u00e4rken passte und bekam ihn! Ihr neues Mindset im Hinblick auf ihren Wert und den Beitrag, den sie leisten kann, erm\u00f6glichte es ihr nicht nur, ein besseres Gehalt auszuhandeln sondern ihre Gehaltsvorstellung wurde sogar getoppt.<\/li>\n<li>Ein anderer Kunde fand seine Stimme und lernte, selbstbewusst zu kommunizieren. Seine Pr\u00e4sentationen verbesserten sich drastisch und kurz nach dem Ende unseres Coachingprogramms wurde er bef\u00f6rdert!<\/li>\n<li>Eine Kundin arbeitete an ihrem Problem, anderen immer gefallen zu wollen und dem Wunsch, von allen gemocht zu werden. Sie realisierte, dass sie bei der Arbeit sie selbst sein konnte und sollte und nicht eine Version von der sie dachte, dass sie anderen gefallen w\u00fcrde. Nachdem sie dieses Verhalten abgelegt hat und nicht mehr versucht jemand anderes zu sein ist sie der Shootingstar ihres Teams. Andere Abteilungen wetteifern darum, mit ihr arbeiten zu k\u00f6nnen und sie genie\u00dft ihre Branche wieder!<\/li>\n<\/ul>\t\t\t\t\t\t\t\t<\/div>\n\t\t\t\t<\/div>\n\t\t\t\t<\/div>\n\t\t\t\t\t<\/div>\n\t\t\t\t<\/div>\n\t\t<div class=\"elementor-element elementor-element-46dc718 e-flex e-con-boxed e-con e-parent\" data-id=\"46dc718\" data-element_type=\"container\" data-e-type=\"container\">\n\t\t\t\t\t<div class=\"e-con-inner\">\n\t\t<div class=\"elementor-element elementor-element-bbce20d e-con-full e-flex e-con e-child\" data-id=\"bbce20d\" data-element_type=\"container\" data-e-type=\"container\" data-settings=\"{&quot;background_background&quot;:&quot;classic&quot;}\">\n\t\t\t\t<div class=\"elementor-element elementor-element-5e2cb1d elementor-widget elementor-widget-text-editor\" data-id=\"5e2cb1d\" data-element_type=\"widget\" data-e-type=\"widget\" data-widget_type=\"text-editor.default\">\n\t\t\t\t<div class=\"elementor-widget-container\">\n\t\t\t\t\t\t\t\t\t<p>Bist du bereit, dich in deiner Karriere gest\u00e4rkt zu f\u00fchlen, pers\u00f6nlich und beruflich zu wachsen und in allen Bereichen deines Lebens gr\u00f6\u00dfere Erf\u00fcllung zu finden? Klicke auf den Button, um dich anzumelden.<\/p>\t\t\t\t\t\t\t\t<\/div>\n\t\t\t\t<\/div>\n\t\t\t\t<div class=\"elementor-element elementor-element-bc24f73 elementor-align-center elementor-invisible elementor-widget elementor-widget-button\" data-id=\"bc24f73\" data-element_type=\"widget\" data-e-type=\"widget\" data-settings=\"{&quot;_animation&quot;:&quot;fadeIn&quot;,&quot;_animation_delay&quot;:500}\" data-widget_type=\"button.default\">\n\t\t\t\t<div class=\"elementor-widget-container\">\n\t\t\t\t\t\t\t\t\t<div class=\"elementor-button-wrapper\">\n\t\t\t\t\t<a class=\"elementor-button elementor-button-link elementor-size-md\" href=\"https:\/\/jnhcoaching.de\/de\/contact\/\">\n\t\t\t\t\t\t<span class=\"elementor-button-content-wrapper\">\n\t\t\t\t\t\t\t\t\t<span class=\"elementor-button-text\">Book a Discovery Call<\/span>\n\t\t\t\t\t<\/span>\n\t\t\t\t\t<\/a>\n\t\t\t\t<\/div>\n\t\t\t\t\t\t\t\t<\/div>\n\t\t\t\t<\/div>\n\t\t\t\t<\/div>\n\t\t\t\t\t<\/div>\n\t\t\t\t<\/div>\n\t\t<div class=\"elementor-element elementor-element-26b5990 e-flex e-con-boxed e-con e-parent\" data-id=\"26b5990\" data-element_type=\"container\" data-e-type=\"container\" data-settings=\"{&quot;background_background&quot;:&quot;classic&quot;}\">\n\t\t\t\t\t<div class=\"e-con-inner\">\n\t\t<div class=\"elementor-element elementor-element-b14e37c e-con-full e-flex e-con e-child\" data-id=\"b14e37c\" data-element_type=\"container\" data-e-type=\"container\">\n\t\t\t\t<div class=\"elementor-element elementor-element-102bc1f elementor-widget elementor-widget-heading\" data-id=\"102bc1f\" data-element_type=\"widget\" data-e-type=\"widget\" data-widget_type=\"heading.default\">\n\t\t\t\t<div class=\"elementor-widget-container\">\n\t\t\t\t\t<h2 class=\"elementor-heading-title elementor-size-default\">Deine Karriere. Deine Bed\u00fcrfnisse. Deine Ziele.<\/h2>\t\t\t\t<\/div>\n\t\t\t\t<\/div>\n\t\t\t\t<\/div>\n\t\t\t\t\t<\/div>\n\t\t\t\t<\/div>\n\t\t\t\t<\/div>","protected":false},"excerpt":{"rendered":"<p>1:1 Leadership &amp; Executive Coaching 6-MONTH Coaching Programme tailored entirely to you We train, study, and develop our professional skill set to advance our careers. In order to grow and develop as a resilient, strategic and focused leader, we also need dedicated time and space \u2013 outside of our daily operational demands \u2013 to explore [&hellip;]<\/p>\n","protected":false},"author":3,"featured_media":0,"parent":935,"menu_order":1,"comment_status":"closed","ping_status":"closed","template":"","meta":{"site-sidebar-layout":"no-sidebar","site-content-layout":"default","ast-site-content-layout":"default","site-content-style":"default","site-sidebar-style":"default","ast-global-header-display":"","ast-banner-title-visibility":"","ast-main-header-display":"","ast-hfb-above-header-display":"","ast-hfb-below-header-display":"","ast-hfb-mobile-header-display":"","site-post-title":"disabled","ast-breadcrumbs-content":"","ast-featured-img":"disabled","footer-sml-layout":"","ast-disable-related-posts":"","theme-transparent-header-meta":"","adv-header-id-meta":"","stick-header-meta":"","header-above-stick-meta":"","header-main-stick-meta":"","header-below-stick-meta":"","astra-migrate-meta-layouts":"default","ast-page-background-enabled":"default","ast-page-background-meta":{"desktop":{"background-color":"","background-image":"","background-repeat":"repeat","background-position":"center center","background-size":"auto","background-attachment":"scroll","background-type":"","background-media":"","overlay-type":"","overlay-color":"","overlay-opacity":"","overlay-gradient":""},"tablet":{"background-color":"","background-image":"","background-repeat":"repeat","background-position":"center center","background-size":"auto","background-attachment":"scroll","background-type":"","background-media":"","overlay-type":"","overlay-color":"","overlay-opacity":"","overlay-gradient":""},"mobile":{"background-color":"","background-image":"","background-repeat":"repeat","background-position":"center center","background-size":"auto","background-attachment":"scroll","background-type":"","background-media":"","overlay-type":"","overlay-color":"","overlay-opacity":"","overlay-gradient":""}},"ast-content-background-meta":{"desktop":{"background-color":"var(--ast-global-color-5)","background-image":"","background-repeat":"repeat","background-position":"center center","background-size":"auto","background-attachment":"scroll","background-type":"","background-media":"","overlay-type":"","overlay-color":"","overlay-opacity":"","overlay-gradient":""},"tablet":{"background-color":"var(--ast-global-color-5)","background-image":"","background-repeat":"repeat","background-position":"center center","background-size":"auto","background-attachment":"scroll","background-type":"","background-media":"","overlay-type":"","overlay-color":"","overlay-opacity":"","overlay-gradient":""},"mobile":{"background-color":"var(--ast-global-color-5)","background-image":"","background-repeat":"repeat","background-position":"center center","background-size":"auto","background-attachment":"scroll","background-type":"","background-media":"","overlay-type":"","overlay-color":"","overlay-opacity":"","overlay-gradient":""}},"footnotes":""},"class_list":["post-3796","page","type-page","status-publish","hentry"],"_links":{"self":[{"href":"https:\/\/jnhcoaching.de\/de\/wp-json\/wp\/v2\/pages\/3796","targetHints":{"allow":["GET"]}}],"collection":[{"href":"https:\/\/jnhcoaching.de\/de\/wp-json\/wp\/v2\/pages"}],"about":[{"href":"https:\/\/jnhcoaching.de\/de\/wp-json\/wp\/v2\/types\/page"}],"author":[{"embeddable":true,"href":"https:\/\/jnhcoaching.de\/de\/wp-json\/wp\/v2\/users\/3"}],"replies":[{"embeddable":true,"href":"https:\/\/jnhcoaching.de\/de\/wp-json\/wp\/v2\/comments?post=3796"}],"version-history":[{"count":133,"href":"https:\/\/jnhcoaching.de\/de\/wp-json\/wp\/v2\/pages\/3796\/revisions"}],"predecessor-version":[{"id":6117,"href":"https:\/\/jnhcoaching.de\/de\/wp-json\/wp\/v2\/pages\/3796\/revisions\/6117"}],"up":[{"embeddable":true,"href":"https:\/\/jnhcoaching.de\/de\/wp-json\/wp\/v2\/pages\/935"}],"wp:attachment":[{"href":"https:\/\/jnhcoaching.de\/de\/wp-json\/wp\/v2\/media?parent=3796"}],"curies":[{"name":"wp","href":"https:\/\/api.w.org\/{rel}","templated":true}]}}