{"id":3944,"date":"2023-01-02T19:47:21","date_gmt":"2023-01-02T18:47:21","guid":{"rendered":"https:\/\/jnhcoaching.de\/?page_id=3944"},"modified":"2026-03-19T11:55:37","modified_gmt":"2026-03-19T10:55:37","slug":"disc-profiling","status":"publish","type":"page","link":"https:\/\/jnhcoaching.de\/de\/coaching-programmes\/disc-profiling\/","title":{"rendered":"Disc Profiling"},"content":{"rendered":"<div data-elementor-type=\"wp-page\" data-elementor-id=\"3944\" class=\"elementor elementor-3944\" data-elementor-post-type=\"page\">\n\t\t\t\t<div class=\"elementor-element elementor-element-eb4544c e-flex e-con-boxed e-con e-parent\" data-id=\"eb4544c\" data-element_type=\"container\" data-e-type=\"container\" data-settings=\"{&quot;background_background&quot;:&quot;classic&quot;}\">\n\t\t\t\t\t<div class=\"e-con-inner\">\n\t\t<div class=\"elementor-element elementor-element-68f3982 e-con-full e-flex elementor-invisible e-con e-child\" data-id=\"68f3982\" data-element_type=\"container\" data-e-type=\"container\" data-settings=\"{&quot;animation&quot;:&quot;fadeIn&quot;}\">\n\t\t\t\t<div class=\"elementor-element elementor-element-da010a5 animated-slow elementor-widget elementor-widget-heading\" data-id=\"da010a5\" data-element_type=\"widget\" data-e-type=\"widget\" data-settings=\"{&quot;_animation&quot;:&quot;none&quot;,&quot;_animation_delay&quot;:10}\" data-widget_type=\"heading.default\">\n\t\t\t\t<div class=\"elementor-widget-container\">\n\t\t\t\t\t<h1 class=\"elementor-heading-title elementor-size-default\">Disc-profiling<\/h1>\t\t\t\t<\/div>\n\t\t\t\t<\/div>\n\t\t\t\t<\/div>\n\t\t\t\t\t<\/div>\n\t\t\t\t<\/div>\n\t\t<div class=\"elementor-element elementor-element-6ed453a e-flex e-con-boxed e-con e-parent\" data-id=\"6ed453a\" data-element_type=\"container\" data-e-type=\"container\" data-settings=\"{&quot;background_background&quot;:&quot;classic&quot;}\">\n\t\t\t\t\t<div class=\"e-con-inner\">\n\t\t<div class=\"elementor-element elementor-element-4b50ce2 e-con-full e-flex e-con e-child\" data-id=\"4b50ce2\" data-element_type=\"container\" data-e-type=\"container\">\n\t\t\t\t<div class=\"elementor-element elementor-element-d60abb8 elementor-widget elementor-widget-image\" data-id=\"d60abb8\" data-element_type=\"widget\" data-e-type=\"widget\" data-widget_type=\"image.default\">\n\t\t\t\t<div class=\"elementor-widget-container\">\n\t\t\t\t\t\t\t\t\t\t\t\t\t\t\t<img fetchpriority=\"high\" decoding=\"async\" width=\"400\" height=\"400\" src=\"https:\/\/jnhcoaching.de\/wp-content\/uploads\/2023\/05\/disc-program-1.webp\" class=\"attachment-full size-full wp-image-4421\" alt=\"\" srcset=\"https:\/\/jnhcoaching.de\/wp-content\/uploads\/2023\/05\/disc-program-1.webp 400w, https:\/\/jnhcoaching.de\/wp-content\/uploads\/2023\/05\/disc-program-1-300x300.webp 300w, https:\/\/jnhcoaching.de\/wp-content\/uploads\/2023\/05\/disc-program-1-150x150.webp 150w, https:\/\/jnhcoaching.de\/wp-content\/uploads\/2023\/05\/disc-program-1-12x12.webp 12w\" sizes=\"(max-width: 400px) 100vw, 400px\" \/>\t\t\t\t\t\t\t\t\t\t\t\t\t\t\t<\/div>\n\t\t\t\t<\/div>\n\t\t\t\t<\/div>\n\t\t<div class=\"elementor-element elementor-element-6ed4f59 e-con-full e-flex e-con e-child\" data-id=\"6ed4f59\" data-element_type=\"container\" data-e-type=\"container\">\n\t\t\t\t<div class=\"elementor-element elementor-element-1aa312d elementor-widget elementor-widget-text-editor\" data-id=\"1aa312d\" data-element_type=\"widget\" data-e-type=\"widget\" data-widget_type=\"text-editor.default\">\n\t\t\t\t<div class=\"elementor-widget-container\">\n\t\t\t\t\t\t\t\t\t<p style=\"font-weight: 400;\">Entdecke das Potenzial deines Teams und ver\u00e4ndere die Art und Weise, wie Mitglieder des Teams interagieren, kommunizieren und miteinander umgehen. Das DISC-Profil hilft allen, ihre eigenen St\u00e4rken zu verstehen und gleichzeitig produktiver mit ihren Kollegen zu arbeiten.<\/p><p style=\"font-weight: 400;\">\u201cDISC ist ein Werkzeug, das positive Auswirkungen auf die Teamdynamik hat, so dass jede Person ein besseres Verst\u00e4ndnis von sich selbst und ihren St\u00e4rken hat und wie diese die anderen Mitglieder des Teams beeinflussen und pr\u00e4gen k\u00f6nnen.\u201d \u00a0<em>\u2014Die Coaching Academy<\/em><\/p><p>\u00a0<\/p><p style=\"font-weight: 400;\"><strong>Vorteile von DISC:<\/strong><\/p><ul><li style=\"font-weight: 400;\">Steigerung der Selbstwahrnehmung der Mitarbeiter<\/li><li style=\"font-weight: 400;\">Verbesserung der individuellen und Teamproduktivit\u00e4t<\/li><li style=\"font-weight: 400;\">F\u00f6rderung der Zusammenarbeit\u00a0<\/li><li style=\"font-weight: 400;\">Verst\u00e4ndnis f\u00fcr die Vorteile verschiedener DISC-Profile<\/li><li style=\"font-weight: 400;\">Schaffung st\u00e4rkerer, produktiverer, heterogener Teams<\/li><\/ul><p style=\"font-weight: 400;\">Als Instrument zur Bewusstseinsbildung hilft das DISC-Profil Teamleitern, Mitgliedern des Teams und Einzelpersonen, sich verschiedener Profile bewusster zu sein.\u00a0<\/p><p style=\"font-weight: 400;\"><strong>Das DISC-Profil f\u00fchrt zu einem besseren Verst\u00e4ndnis von:<\/strong><\/p><ul><li style=\"font-weight: 400;\">Unterschiedlichen Kommunikationsstilen einzelner Personen<\/li><li style=\"font-weight: 400;\">Wie Teamkommunikation effektiv gesteuert und verbessert werden kann\u00a0<\/li><li><span style=\"font-weight: 400;\">Wie die Art und Weise, wie Informationen geteilt werden, optimiert werden kann<\/span><\/li><\/ul>\t\t\t\t\t\t\t\t<\/div>\n\t\t\t\t<\/div>\n\t\t\t\t<\/div>\n\t\t\t\t\t<\/div>\n\t\t\t\t<\/div>\n\t\t<div class=\"elementor-element elementor-element-02e5de7 e-flex e-con-boxed e-con e-parent\" data-id=\"02e5de7\" data-element_type=\"container\" data-e-type=\"container\">\n\t\t\t\t\t<div class=\"e-con-inner\">\n\t\t<div class=\"elementor-element elementor-element-d84a22e e-con-full e-flex e-con e-child\" data-id=\"d84a22e\" data-element_type=\"container\" data-e-type=\"container\">\n\t\t\t\t<div class=\"elementor-element elementor-element-7f22a59 elementor-widget elementor-widget-text-editor\" data-id=\"7f22a59\" data-element_type=\"widget\" data-e-type=\"widget\" data-widget_type=\"text-editor.default\">\n\t\t\t\t<div class=\"elementor-widget-container\">\n\t\t\t\t\t\t\t\t\t<p>Als Einstieg biete ich eine kostenlose und unverbindliche, 20-min\u00fctige Session zum Kennenlernen an. Du kannst unsere Unterhaltung gleich <a href=\"https:\/\/jnhcoaching.de\/de\/contact\/\"><strong>hier&nbsp;<\/strong><\/a>buchen, damit wir loslegen k\u00f6nnen!<\/p>\t\t\t\t\t\t\t\t<\/div>\n\t\t\t\t<\/div>\n\t\t\t\t<\/div>\n\t\t\t\t\t<\/div>\n\t\t\t\t<\/div>\n\t\t<div class=\"elementor-element elementor-element-5d7240e e-flex e-con-boxed e-con e-parent\" data-id=\"5d7240e\" data-element_type=\"container\" data-e-type=\"container\" data-settings=\"{&quot;background_background&quot;:&quot;classic&quot;}\">\n\t\t\t\t\t<div class=\"e-con-inner\">\n\t\t<div class=\"elementor-element elementor-element-0908c8e e-con-full e-flex e-con e-child\" data-id=\"0908c8e\" data-element_type=\"container\" data-e-type=\"container\">\n\t\t\t\t<div class=\"elementor-element elementor-element-9d2eef8 animated-slow elementor-widget elementor-widget-heading\" data-id=\"9d2eef8\" data-element_type=\"widget\" data-e-type=\"widget\" data-settings=\"{&quot;_animation&quot;:&quot;none&quot;,&quot;_animation_delay&quot;:10}\" data-widget_type=\"heading.default\">\n\t\t\t\t<div class=\"elementor-widget-container\">\n\t\t\t\t\t<h2 class=\"elementor-heading-title elementor-size-default\">TESTIMONIALS AUS DEN DISC-PROFIL-WORKSHOPS MIT JULIA:<\/h2>\t\t\t\t<\/div>\n\t\t\t\t<\/div>\n\t\t\t\t<div class=\"elementor-element elementor-element-44e5632 elementor-widget elementor-widget-text-editor\" data-id=\"44e5632\" data-element_type=\"widget\" data-e-type=\"widget\" data-widget_type=\"text-editor.default\">\n\t\t\t\t<div class=\"elementor-widget-container\">\n\t\t\t\t\t\t\t\t\t<p style=\"font-weight: 400;\">\u201cSelbstwahrnehmung zuerst.\u201d<\/p><p style=\"font-weight: 400;\">\u201cKollegen mit einem anderen Profil als meines geben mir die M\u00f6glichkeit, flexibler in meinem Kommunikationsstil zu werden.\u201d<\/p><p style=\"font-weight: 400;\">\u201cEs ist so interessant zu sehen, wie unterschiedlich die Eigenschaften sind. Das Wissen \u00fcber das Profil eines Kollegen erm\u00f6glicht es mir, angemessen mit ihnen zu interagieren.\u201d<\/p><p style=\"font-weight: 400;\">\u00a0<\/p>\t\t\t\t\t\t\t\t<\/div>\n\t\t\t\t<\/div>\n\t\t\t\t<div class=\"elementor-element elementor-element-7281175 elementor-widget elementor-widget-heading\" data-id=\"7281175\" data-element_type=\"widget\" data-e-type=\"widget\" data-widget_type=\"heading.default\">\n\t\t\t\t<div class=\"elementor-widget-container\">\n\t\t\t\t\t<h2 class=\"elementor-heading-title elementor-size-default\">Bessere Teamkommunikation.<\/h2>\t\t\t\t<\/div>\n\t\t\t\t<\/div>\n\t\t\t\t<\/div>\n\t\t<div class=\"elementor-element elementor-element-bb52795 e-con-full e-flex e-con e-child\" data-id=\"bb52795\" data-element_type=\"container\" data-e-type=\"container\" data-settings=\"{&quot;background_background&quot;:&quot;classic&quot;}\">\n\t\t\t\t<div class=\"elementor-element elementor-element-1420fd2 elementor-widget elementor-widget-text-editor\" data-id=\"1420fd2\" data-element_type=\"widget\" data-e-type=\"widget\" data-widget_type=\"text-editor.default\">\n\t\t\t\t<div class=\"elementor-widget-container\">\n\t\t\t\t\t\t\t\t\t<p style=\"font-weight: 400;\">DISC ist ein Werkzeug, das positive Auswirkungen auf die Teamdynamik hat, so dass jede Person ein besseres Verst\u00e4ndnis von sich selbst und ihren St\u00e4rken hat und wie diese die anderen Mitglieder des Teams beeinflussen und pr\u00e4gen k\u00f6nnen.<\/p><p style=\"font-weight: 400;\"><em> \u2014Die Coaching Academy<\/em><\/p>\t\t\t\t\t\t\t\t<\/div>\n\t\t\t\t<\/div>\n\t\t\t\t<\/div>\n\t\t\t\t\t<\/div>\n\t\t\t\t<\/div>\n\t\t<div class=\"elementor-element elementor-element-4750ac2 e-flex e-con-boxed e-con e-parent\" data-id=\"4750ac2\" data-element_type=\"container\" data-e-type=\"container\">\n\t\t\t\t\t<div class=\"e-con-inner\">\n\t\t<div class=\"elementor-element elementor-element-c0274c5 e-con-full e-flex e-con e-child\" data-id=\"c0274c5\" data-element_type=\"container\" data-e-type=\"container\">\n\t\t\t\t<div class=\"elementor-element elementor-element-e29d36b elementor-align-center elementor-invisible elementor-widget elementor-widget-button\" data-id=\"e29d36b\" data-element_type=\"widget\" data-e-type=\"widget\" data-settings=\"{&quot;_animation&quot;:&quot;fadeIn&quot;,&quot;_animation_delay&quot;:500}\" data-widget_type=\"button.default\">\n\t\t\t\t<div class=\"elementor-widget-container\">\n\t\t\t\t\t\t\t\t\t<div class=\"elementor-button-wrapper\">\n\t\t\t\t\t<a class=\"elementor-button elementor-button-link elementor-size-sm\" href=\"https:\/\/jnhcoaching.de\/de\/contact\/\">\n\t\t\t\t\t\t<span class=\"elementor-button-content-wrapper\">\n\t\t\t\t\t\t\t\t\t<span class=\"elementor-button-text\">ICH M\u00d6CHTE LOSLEGEN!<\/span>\n\t\t\t\t\t<\/span>\n\t\t\t\t\t<\/a>\n\t\t\t\t<\/div>\n\t\t\t\t\t\t\t\t<\/div>\n\t\t\t\t<\/div>\n\t\t\t\t<\/div>\n\t\t\t\t\t<\/div>\n\t\t\t\t<\/div>\n\t\t<div class=\"elementor-element elementor-element-385cebe e-flex e-con-boxed e-con e-parent\" data-id=\"385cebe\" data-element_type=\"container\" data-e-type=\"container\" data-settings=\"{&quot;background_background&quot;:&quot;classic&quot;}\">\n\t\t\t\t\t<div class=\"e-con-inner\">\n\t\t<div class=\"elementor-element elementor-element-9432616 e-con-full e-flex e-con e-child\" data-id=\"9432616\" data-element_type=\"container\" data-e-type=\"container\">\n\t\t\t\t<div class=\"elementor-element elementor-element-f5bd28f elementor-widget elementor-widget-heading\" data-id=\"f5bd28f\" data-element_type=\"widget\" data-e-type=\"widget\" data-widget_type=\"heading.default\">\n\t\t\t\t<div class=\"elementor-widget-container\">\n\t\t\t\t\t<h2 class=\"elementor-heading-title elementor-size-default\">Deine Karriere. Deine Bed\u00fcrfnisse. Deine Ziele.<\/h2>\t\t\t\t<\/div>\n\t\t\t\t<\/div>\n\t\t\t\t<\/div>\n\t\t\t\t\t<\/div>\n\t\t\t\t<\/div>\n\t\t\t\t<\/div>","protected":false},"excerpt":{"rendered":"<p>DISC Profiling Unlock your team&#8217;s potential and transform the way team members engage, communicate, and interact. DISC profiling helps team members understand their own strengths while working more productively with co-workers. \u201cDISC is a tool to positively impact team dynamics, so each person has a greater understanding of themselves, their strengths and how they influence [&hellip;]<\/p>\n","protected":false},"author":3,"featured_media":0,"parent":935,"menu_order":6,"comment_status":"closed","ping_status":"closed","template":"","meta":{"site-sidebar-layout":"no-sidebar","site-content-layout":"page-builder","ast-site-content-layout":"default","site-content-style":"default","site-sidebar-style":"default","ast-global-header-display":"","ast-banner-title-visibility":"","ast-main-header-display":"","ast-hfb-above-header-display":"","ast-hfb-below-header-display":"","ast-hfb-mobile-header-display":"","site-post-title":"disabled","ast-breadcrumbs-content":"","ast-featured-img":"disabled","footer-sml-layout":"","ast-disable-related-posts":"","theme-transparent-header-meta":"","adv-header-id-meta":"","stick-header-meta":"","header-above-stick-meta":"","header-main-stick-meta":"","header-below-stick-meta":"","astra-migrate-meta-layouts":"default","ast-page-background-enabled":"default","ast-page-background-meta":{"desktop":{"background-color":"","background-image":"","background-repeat":"repeat","background-position":"center center","background-size":"auto","background-attachment":"scroll","background-type":"","background-media":"","overlay-type":"","overlay-color":"","overlay-opacity":"","overlay-gradient":""},"tablet":{"background-color":"","background-image":"","background-repeat":"repeat","background-position":"center center","background-size":"auto","background-attachment":"scroll","background-type":"","background-media":"","overlay-type":"","overlay-color":"","overlay-opacity":"","overlay-gradient":""},"mobile":{"background-color":"","background-image":"","background-repeat":"repeat","background-position":"center center","background-size":"auto","background-attachment":"scroll","background-type":"","background-media":"","overlay-type":"","overlay-color":"","overlay-opacity":"","overlay-gradient":""}},"ast-content-background-meta":{"desktop":{"background-color":"var(--ast-global-color-5)","background-image":"","background-repeat":"repeat","background-position":"center center","background-size":"auto","background-attachment":"scroll","background-type":"","background-media":"","overlay-type":"","overlay-color":"","overlay-opacity":"","overlay-gradient":""},"tablet":{"background-color":"var(--ast-global-color-5)","background-image":"","background-repeat":"repeat","background-position":"center center","background-size":"auto","background-attachment":"scroll","background-type":"","background-media":"","overlay-type":"","overlay-color":"","overlay-opacity":"","overlay-gradient":""},"mobile":{"background-color":"var(--ast-global-color-5)","background-image":"","background-repeat":"repeat","background-position":"center center","background-size":"auto","background-attachment":"scroll","background-type":"","background-media":"","overlay-type":"","overlay-color":"","overlay-opacity":"","overlay-gradient":""}},"footnotes":""},"class_list":["post-3944","page","type-page","status-publish","hentry"],"_links":{"self":[{"href":"https:\/\/jnhcoaching.de\/de\/wp-json\/wp\/v2\/pages\/3944","targetHints":{"allow":["GET"]}}],"collection":[{"href":"https:\/\/jnhcoaching.de\/de\/wp-json\/wp\/v2\/pages"}],"about":[{"href":"https:\/\/jnhcoaching.de\/de\/wp-json\/wp\/v2\/types\/page"}],"author":[{"embeddable":true,"href":"https:\/\/jnhcoaching.de\/de\/wp-json\/wp\/v2\/users\/3"}],"replies":[{"embeddable":true,"href":"https:\/\/jnhcoaching.de\/de\/wp-json\/wp\/v2\/comments?post=3944"}],"version-history":[{"count":40,"href":"https:\/\/jnhcoaching.de\/de\/wp-json\/wp\/v2\/pages\/3944\/revisions"}],"predecessor-version":[{"id":6064,"href":"https:\/\/jnhcoaching.de\/de\/wp-json\/wp\/v2\/pages\/3944\/revisions\/6064"}],"up":[{"embeddable":true,"href":"https:\/\/jnhcoaching.de\/de\/wp-json\/wp\/v2\/pages\/935"}],"wp:attachment":[{"href":"https:\/\/jnhcoaching.de\/de\/wp-json\/wp\/v2\/media?parent=3944"}],"curies":[{"name":"wp","href":"https:\/\/api.w.org\/{rel}","templated":true}]}}