{"id":3953,"date":"2023-01-02T19:52:39","date_gmt":"2023-01-02T18:52:39","guid":{"rendered":"https:\/\/jnhcoaching.de\/?page_id=3953"},"modified":"2026-03-19T11:57:00","modified_gmt":"2026-03-19T10:57:00","slug":"keynote-speeches","status":"publish","type":"page","link":"https:\/\/jnhcoaching.de\/de\/coaching-programmes\/keynote-speeches\/","title":{"rendered":"Keynote-Rede"},"content":{"rendered":"<div data-elementor-type=\"wp-page\" data-elementor-id=\"3953\" class=\"elementor elementor-3953\" data-elementor-post-type=\"page\">\n\t\t\t\t<div class=\"elementor-element elementor-element-34a5316 e-flex e-con-boxed e-con e-parent\" data-id=\"34a5316\" data-element_type=\"container\" data-e-type=\"container\" data-settings=\"{&quot;background_background&quot;:&quot;classic&quot;}\">\n\t\t\t\t\t<div class=\"e-con-inner\">\n\t\t<div class=\"elementor-element elementor-element-59e64ca e-con-full e-flex e-con e-child\" data-id=\"59e64ca\" data-element_type=\"container\" data-e-type=\"container\">\n\t\t\t\t<div class=\"elementor-element elementor-element-cb903bc animated-slow elementor-invisible elementor-widget elementor-widget-heading\" data-id=\"cb903bc\" data-element_type=\"widget\" data-e-type=\"widget\" data-settings=\"{&quot;_animation&quot;:&quot;fadeIn&quot;,&quot;_animation_delay&quot;:10}\" data-widget_type=\"heading.default\">\n\t\t\t\t<div class=\"elementor-widget-container\">\n\t\t\t\t\t<h1 class=\"elementor-heading-title elementor-size-default\">Keynote-Rede<\/h1>\t\t\t\t<\/div>\n\t\t\t\t<\/div>\n\t\t\t\t<\/div>\n\t\t\t\t\t<\/div>\n\t\t\t\t<\/div>\n\t\t<div class=\"elementor-element elementor-element-f71ff0b e-flex e-con-boxed e-con e-parent\" data-id=\"f71ff0b\" data-element_type=\"container\" data-e-type=\"container\" data-settings=\"{&quot;background_background&quot;:&quot;classic&quot;}\">\n\t\t\t\t\t<div class=\"e-con-inner\">\n\t\t<div class=\"elementor-element elementor-element-9ecc2eb e-con-full e-flex e-con e-child\" data-id=\"9ecc2eb\" data-element_type=\"container\" data-e-type=\"container\">\n\t\t\t\t<div class=\"elementor-element elementor-element-cb22866 elementor-widget elementor-widget-image\" data-id=\"cb22866\" data-element_type=\"widget\" data-e-type=\"widget\" data-widget_type=\"image.default\">\n\t\t\t\t<div class=\"elementor-widget-container\">\n\t\t\t\t\t\t\t\t\t\t\t\t\t\t\t<img fetchpriority=\"high\" decoding=\"async\" width=\"400\" height=\"314\" src=\"https:\/\/jnhcoaching.de\/wp-content\/uploads\/2023\/05\/keynote-1.webp\" class=\"attachment-full size-full wp-image-4422\" alt=\"\" srcset=\"https:\/\/jnhcoaching.de\/wp-content\/uploads\/2023\/05\/keynote-1.webp 400w, https:\/\/jnhcoaching.de\/wp-content\/uploads\/2023\/05\/keynote-1-300x236.webp 300w, https:\/\/jnhcoaching.de\/wp-content\/uploads\/2023\/05\/keynote-1-15x12.webp 15w\" sizes=\"(max-width: 400px) 100vw, 400px\" \/>\t\t\t\t\t\t\t\t\t\t\t\t\t\t\t<\/div>\n\t\t\t\t<\/div>\n\t\t\t\t<\/div>\n\t\t<div class=\"elementor-element elementor-element-ec89f93 e-con-full e-flex e-con e-child\" data-id=\"ec89f93\" data-element_type=\"container\" data-e-type=\"container\">\n\t\t\t\t<div class=\"elementor-element elementor-element-3cd16ff animated-slow elementor-widget elementor-widget-heading\" data-id=\"3cd16ff\" data-element_type=\"widget\" data-e-type=\"widget\" data-settings=\"{&quot;_animation&quot;:&quot;none&quot;,&quot;_animation_delay&quot;:10}\" data-widget_type=\"heading.default\">\n\t\t\t\t<div class=\"elementor-widget-container\">\n\t\t\t\t\t<h2 class=\"elementor-heading-title elementor-size-default\">F\u00dcHRUNGSERFAHRUNGEN VERBESSERN<\/h2>\t\t\t\t<\/div>\n\t\t\t\t<\/div>\n\t\t\t\t<div class=\"elementor-element elementor-element-8ea697f elementor-widget elementor-widget-text-editor\" data-id=\"8ea697f\" data-element_type=\"widget\" data-e-type=\"widget\" data-widget_type=\"text-editor.default\">\n\t\t\t\t<div class=\"elementor-widget-container\">\n\t\t\t\t\t\t\t\t\t<p style=\"font-weight: 400;\">Mit einer Keynote-Rede kannst du deiner n\u00e4chsten Unternehmens- oder F\u00fchrungsveranstaltung oder Konferenz dynamische und inspirierende Inhalte hinzuf\u00fcgen.<\/p><p style=\"font-weight: 400;\">Als motivierender Keynote-Sprecher, der F\u00fchrungsteams inspiriert und aufzeigt, was eine gro\u00dfartige F\u00fchrungskraft ausmacht, greife ich auf meine umfangreiche Erfahrung, Erkenntnisse und mein Wissen im Bereich F\u00fchrungsentwicklung zur\u00fcck. Ich bin leidenschaftlich daran interessiert, die F\u00fchrungskr\u00e4fte und zuk\u00fcnftigen F\u00fchrungskr\u00e4fte eines Unternehmens zu inspirieren, die beste Version von sich selbst zu sein.\u00a0<\/p><p style=\"font-weight: 400;\">Mit einer geteilten Leidenschaft f\u00fcr die F\u00fchrungsentwicklung arbeiten wir zusammen, um ein ma\u00dfgeschneidertes Angebot f\u00fcr deine Organisation zu erstellen und dabei folgende Punkte anzusprechen:<\/p><ul><li style=\"font-weight: 400;\">Nachwuchsf\u00fchrungskr\u00e4fte und Top-Talente<\/li><li style=\"font-weight: 400;\">F\u00fchrungsteams der obersten Ebene\u00a0<\/li><li style=\"font-weight: 400;\">Manager<\/li><li style=\"font-weight: 400;\">C-Suite<\/li><\/ul>\t\t\t\t\t\t\t\t<\/div>\n\t\t\t\t<\/div>\n\t\t\t\t<\/div>\n\t\t\t\t\t<\/div>\n\t\t\t\t<\/div>\n\t\t<div class=\"elementor-element elementor-element-835cb3f e-flex e-con-boxed e-con e-parent\" data-id=\"835cb3f\" data-element_type=\"container\" data-e-type=\"container\" data-settings=\"{&quot;background_background&quot;:&quot;classic&quot;}\">\n\t\t\t\t\t<div class=\"e-con-inner\">\n\t\t<div class=\"elementor-element elementor-element-e0ce06e e-con-full e-flex e-con e-child\" data-id=\"e0ce06e\" data-element_type=\"container\" data-e-type=\"container\">\n\t\t\t\t<div class=\"elementor-element elementor-element-6b6edd0 animated-slow elementor-widget elementor-widget-heading\" data-id=\"6b6edd0\" data-element_type=\"widget\" data-e-type=\"widget\" data-settings=\"{&quot;_animation&quot;:&quot;none&quot;,&quot;_animation_delay&quot;:10}\" data-widget_type=\"heading.default\">\n\t\t\t\t<div class=\"elementor-widget-container\">\n\t\t\t\t\t<h2 class=\"elementor-heading-title elementor-size-default\"><strong>KEYNOTE-REDE BEI CIBC: <\/strong><br>\"Wir wollten unserem 70-k\u00f6pfigen F\u00fchrungsteam Inspiration und Ideen bieten, wie sie ihre F\u00fchrungseffektivit\u00e4t steigern k\u00f6nnen, und ich dachte sofort an Julia. Ihre unglaublich mitrei\u00dfende und transformative Sitzung, die einfache, aber sehr effektive Erkenntnisse und Ideen f\u00fcr unsere F\u00fchrungskr\u00e4fte bot, erhielt unglaubliches Feedback. In k\u00fcrzester Zeit und virtuell war Julias beeindruckende Pr\u00e4senz und ihr Gedankengut so effektiv und genau das, wonach wir gesucht hatten. Julia, Sie sind eine erstaunliche Keynote-Sprecherin, und ich w\u00fcrde Sie jedem empfehlen! Vielen Dank!\"\n<\/h2>\t\t\t\t<\/div>\n\t\t\t\t<\/div>\n\t\t\t\t<\/div>\n\t\t\t\t\t<\/div>\n\t\t\t\t<\/div>\n\t\t<div class=\"elementor-element elementor-element-f40d162 e-flex e-con-boxed e-con e-parent\" data-id=\"f40d162\" data-element_type=\"container\" data-e-type=\"container\" data-settings=\"{&quot;background_background&quot;:&quot;classic&quot;}\">\n\t\t\t\t\t<div class=\"e-con-inner\">\n\t\t<div class=\"elementor-element elementor-element-2fcf669 e-con-full e-flex e-con e-child\" data-id=\"2fcf669\" data-element_type=\"container\" data-e-type=\"container\">\n\t\t\t\t<div class=\"elementor-element elementor-element-1109f68 animated-slow elementor-widget elementor-widget-heading\" data-id=\"1109f68\" data-element_type=\"widget\" data-e-type=\"widget\" data-settings=\"{&quot;_animation&quot;:&quot;none&quot;,&quot;_animation_delay&quot;:10}\" data-widget_type=\"heading.default\">\n\t\t\t\t<div class=\"elementor-widget-container\">\n\t\t\t\t\t<h2 class=\"elementor-heading-title elementor-size-default\">Potenzielle Themen f\u00fcr Keynote-Reden umfassen:<\/h2>\t\t\t\t<\/div>\n\t\t\t\t<\/div>\n\t\t\t\t<div class=\"elementor-element elementor-element-f716bc3 elementor-widget elementor-widget-text-editor\" data-id=\"f716bc3\" data-element_type=\"widget\" data-e-type=\"widget\" data-widget_type=\"text-editor.default\">\n\t\t\t\t<div class=\"elementor-widget-container\">\n\t\t\t\t\t\t\t\t\t<ul><li><a href=\"https:\/\/jnhcoaching.de\/de\/2022\/03\/19\/leadership\/\">F\u00fchrungseffektivit\u00e4t<\/a><\/li><li><a href=\"https:\/\/jnhcoaching.de\/de\/2022\/10\/18\/the-future-of-leadership\/\">Die \u00dcbernahme Ihrer F\u00fchrung<\/a><\/li><li><a href=\"https:\/\/jnhcoaching.de\/de\/2021\/11\/26\/psychological-safety\/\">Psychologische Sicherheit: Aufbau eines vertrauensw\u00fcrdigen<\/a><\/li><li><a href=\"https:\/\/jnhcoaching.de\/de\/2022\/04\/01\/key-habits-of-successful-leaders\/\">Schl\u00fcsselgewohnheiten erfolgreicher F\u00fchrungskr\u00e4fte<\/a><\/li><li><a href=\"https:\/\/jnhcoaching.de\/de\/2021\/10\/29\/how-to-lead-in-a-post-pandemic-world-part-1\/\">F\u00fchrung in einer post-pandemischen Welt<\/a><\/li><li><a href=\"https:\/\/jnhcoaching.de\/de\/2022\/04\/29\/resilience-burnout\/\">Widerstandsf\u00e4higkeit und Burnout<\/a><\/li><\/ul><p>Weitere Ideen und Inspiration zu den oben genannten Themen findest du unter den angegebenen Links folgen<\/p>\t\t\t\t\t\t\t\t<\/div>\n\t\t\t\t<\/div>\n\t\t\t\t<\/div>\n\t\t<div class=\"elementor-element elementor-element-3d7abce e-con-full e-flex e-con e-child\" data-id=\"3d7abce\" data-element_type=\"container\" data-e-type=\"container\" data-settings=\"{&quot;background_background&quot;:&quot;classic&quot;}\">\n\t\t\t\t<div class=\"elementor-element elementor-element-0be8dbd elementor-widget elementor-widget-heading\" data-id=\"0be8dbd\" data-element_type=\"widget\" data-e-type=\"widget\" data-widget_type=\"heading.default\">\n\t\t\t\t<div class=\"elementor-widget-container\">\n\t\t\t\t\t<h2 class=\"elementor-heading-title elementor-size-default\">Mit einer Keynote-Rede kannst du deiner n\u00e4chsten Unternehmens- oder F\u00fchrungsveranstaltung oder Konferenz dynamische und inspirierende Inhalte hinzuf\u00fcgen.<\/h2>\t\t\t\t<\/div>\n\t\t\t\t<\/div>\n\t\t\t\t<\/div>\n\t\t\t\t\t<\/div>\n\t\t\t\t<\/div>\n\t\t<div class=\"elementor-element elementor-element-c0acfee e-flex e-con-boxed e-con e-parent\" data-id=\"c0acfee\" data-element_type=\"container\" data-e-type=\"container\">\n\t\t\t\t\t<div class=\"e-con-inner\">\n\t\t<div class=\"elementor-element elementor-element-04a408c e-con-full e-flex e-con e-child\" data-id=\"04a408c\" data-element_type=\"container\" data-e-type=\"container\">\n\t\t\t\t<div class=\"elementor-element elementor-element-7bbc282 elementor-align-center elementor-invisible elementor-widget elementor-widget-button\" data-id=\"7bbc282\" data-element_type=\"widget\" data-e-type=\"widget\" data-settings=\"{&quot;_animation&quot;:&quot;fadeIn&quot;,&quot;_animation_delay&quot;:500}\" data-widget_type=\"button.default\">\n\t\t\t\t<div class=\"elementor-widget-container\">\n\t\t\t\t\t\t\t\t\t<div class=\"elementor-button-wrapper\">\n\t\t\t\t\t<a class=\"elementor-button elementor-button-link elementor-size-sm\" href=\"https:\/\/jnhcoaching.de\/de\/contact\/\">\n\t\t\t\t\t\t<span class=\"elementor-button-content-wrapper\">\n\t\t\t\t\t\t\t\t\t<span class=\"elementor-button-text\">ICH M\u00d6CHTE LOSLEGEN!<\/span>\n\t\t\t\t\t<\/span>\n\t\t\t\t\t<\/a>\n\t\t\t\t<\/div>\n\t\t\t\t\t\t\t\t<\/div>\n\t\t\t\t<\/div>\n\t\t\t\t<\/div>\n\t\t\t\t\t<\/div>\n\t\t\t\t<\/div>\n\t\t<div class=\"elementor-element elementor-element-7ff68cf e-flex e-con-boxed e-con e-parent\" data-id=\"7ff68cf\" data-element_type=\"container\" data-e-type=\"container\" data-settings=\"{&quot;background_background&quot;:&quot;classic&quot;}\">\n\t\t\t\t\t<div class=\"e-con-inner\">\n\t\t<div class=\"elementor-element elementor-element-8fd8531 e-con-full e-flex e-con e-child\" data-id=\"8fd8531\" data-element_type=\"container\" data-e-type=\"container\">\n\t\t\t\t<div class=\"elementor-element elementor-element-c257ab1 animated-slow elementor-widget elementor-widget-heading\" data-id=\"c257ab1\" data-element_type=\"widget\" data-e-type=\"widget\" data-settings=\"{&quot;_animation&quot;:&quot;none&quot;,&quot;_animation_delay&quot;:10}\" data-widget_type=\"heading.default\">\n\t\t\t\t<div class=\"elementor-widget-container\">\n\t\t\t\t\t<h2 class=\"elementor-heading-title elementor-size-default\"><strong>KEYNOTE-REDE BEI SIEMENS HEALTHINEERS IT TALENTS:<\/strong><br>\"Julia war der beste Redner, den wir f\u00fcr unsere Veranstaltung w\u00e4hlen konnten. Es begann bereits in der Vorbereitungsphase: Sie konnte unsere Bed\u00fcrfnisse sehr schnell verstehen und war sehr proaktiv bei der Entwicklung von Ideen und ihrer Umsetzung. Nicht nur der gro\u00dfartige Inhalt ihrer Keynote zum Thema \"Die \u00dcbernahme Ihrer F\u00fchrungsf\u00e4higkeiten\", sondern vor allem ihre Pr\u00e4senz und ihr Pr\u00e4sentationsstil haben uns beeindruckt. Sie ist wirklich mitrei\u00dfend und eine gro\u00dfartige Zuh\u00f6rerin. Sie ist sehr offen f\u00fcr jede Art von Fragen und liefert immer gro\u00dfartige Antworten. Die Leidenschaft, die sie verbreitet, ist ansteckend. Sie konnte das Publikum inspirieren und motivieren, sich zu engagieren und Ma\u00dfnahmen zur Umsetzung zu ergreifen. Wir h\u00e4tten uns niemand Besseres w\u00fcnschen k\u00f6nnen!\"<\/h2>\t\t\t\t<\/div>\n\t\t\t\t<\/div>\n\t\t\t\t<\/div>\n\t\t\t\t\t<\/div>\n\t\t\t\t<\/div>\n\t\t\t\t<\/div>","protected":false},"excerpt":{"rendered":"<p>Keynote speeches Elevate Leadership Experiences A Keynote Speech is an impactful way to add dynamic and inspiring content to your next corporate or leadership event or conference. As a motivational keynote speaker who can inspire your leadership team around what makes a great leader, I draw upon my extensive experience, insights and knowledge of leadership [&hellip;]<\/p>\n","protected":false},"author":3,"featured_media":0,"parent":935,"menu_order":7,"comment_status":"closed","ping_status":"closed","template":"","meta":{"site-sidebar-layout":"no-sidebar","site-content-layout":"page-builder","ast-site-content-layout":"default","site-content-style":"default","site-sidebar-style":"default","ast-global-header-display":"","ast-banner-title-visibility":"","ast-main-header-display":"","ast-hfb-above-header-display":"","ast-hfb-below-header-display":"","ast-hfb-mobile-header-display":"","site-post-title":"disabled","ast-breadcrumbs-content":"","ast-featured-img":"disabled","footer-sml-layout":"","ast-disable-related-posts":"","theme-transparent-header-meta":"","adv-header-id-meta":"","stick-header-meta":"","header-above-stick-meta":"","header-main-stick-meta":"","header-below-stick-meta":"","astra-migrate-meta-layouts":"default","ast-page-background-enabled":"default","ast-page-background-meta":{"desktop":{"background-color":"","background-image":"","background-repeat":"repeat","background-position":"center center","background-size":"auto","background-attachment":"scroll","background-type":"","background-media":"","overlay-type":"","overlay-color":"","overlay-opacity":"","overlay-gradient":""},"tablet":{"background-color":"","background-image":"","background-repeat":"repeat","background-position":"center center","background-size":"auto","background-attachment":"scroll","background-type":"","background-media":"","overlay-type":"","overlay-color":"","overlay-opacity":"","overlay-gradient":""},"mobile":{"background-color":"","background-image":"","background-repeat":"repeat","background-position":"center center","background-size":"auto","background-attachment":"scroll","background-type":"","background-media":"","overlay-type":"","overlay-color":"","overlay-opacity":"","overlay-gradient":""}},"ast-content-background-meta":{"desktop":{"background-color":"var(--ast-global-color-5)","background-image":"","background-repeat":"repeat","background-position":"center center","background-size":"auto","background-attachment":"scroll","background-type":"","background-media":"","overlay-type":"","overlay-color":"","overlay-opacity":"","overlay-gradient":""},"tablet":{"background-color":"var(--ast-global-color-5)","background-image":"","background-repeat":"repeat","background-position":"center center","background-size":"auto","background-attachment":"scroll","background-type":"","background-media":"","overlay-type":"","overlay-color":"","overlay-opacity":"","overlay-gradient":""},"mobile":{"background-color":"var(--ast-global-color-5)","background-image":"","background-repeat":"repeat","background-position":"center center","background-size":"auto","background-attachment":"scroll","background-type":"","background-media":"","overlay-type":"","overlay-color":"","overlay-opacity":"","overlay-gradient":""}},"footnotes":""},"class_list":["post-3953","page","type-page","status-publish","hentry"],"_links":{"self":[{"href":"https:\/\/jnhcoaching.de\/de\/wp-json\/wp\/v2\/pages\/3953","targetHints":{"allow":["GET"]}}],"collection":[{"href":"https:\/\/jnhcoaching.de\/de\/wp-json\/wp\/v2\/pages"}],"about":[{"href":"https:\/\/jnhcoaching.de\/de\/wp-json\/wp\/v2\/types\/page"}],"author":[{"embeddable":true,"href":"https:\/\/jnhcoaching.de\/de\/wp-json\/wp\/v2\/users\/3"}],"replies":[{"embeddable":true,"href":"https:\/\/jnhcoaching.de\/de\/wp-json\/wp\/v2\/comments?post=3953"}],"version-history":[{"count":52,"href":"https:\/\/jnhcoaching.de\/de\/wp-json\/wp\/v2\/pages\/3953\/revisions"}],"predecessor-version":[{"id":6067,"href":"https:\/\/jnhcoaching.de\/de\/wp-json\/wp\/v2\/pages\/3953\/revisions\/6067"}],"up":[{"embeddable":true,"href":"https:\/\/jnhcoaching.de\/de\/wp-json\/wp\/v2\/pages\/935"}],"wp:attachment":[{"href":"https:\/\/jnhcoaching.de\/de\/wp-json\/wp\/v2\/media?parent=3953"}],"curies":[{"name":"wp","href":"https:\/\/api.w.org\/{rel}","templated":true}]}}