{"id":5844,"date":"2026-03-03T14:18:36","date_gmt":"2026-03-03T13:18:36","guid":{"rendered":"https:\/\/jnhcoaching.de\/?page_id=5844"},"modified":"2026-03-23T12:10:57","modified_gmt":"2026-03-23T11:10:57","slug":"about","status":"publish","type":"page","link":"https:\/\/jnhcoaching.de\/de\/about\/","title":{"rendered":"About Julia Harig Coaching &#038; Consulting"},"content":{"rendered":"<div data-elementor-type=\"wp-page\" data-elementor-id=\"5844\" class=\"elementor elementor-5844\" data-elementor-post-type=\"page\">\n\t\t\t\t\t\t<section class=\"elementor-section elementor-top-section elementor-element elementor-element-0f905f5 elementor-section-stretched elementor-section-height-min-height elementor-section-boxed elementor-section-height-default elementor-section-items-middle\" data-id=\"0f905f5\" data-element_type=\"section\" data-e-type=\"section\" data-settings=\"{&quot;stretch_section&quot;:&quot;section-stretched&quot;,&quot;background_background&quot;:&quot;classic&quot;}\">\n\t\t\t\t\t\t\t<div class=\"elementor-background-overlay\"><\/div>\n\t\t\t\t\t\t\t<div class=\"elementor-container elementor-column-gap-default\">\n\t\t\t\t\t<div class=\"elementor-column elementor-col-100 elementor-top-column elementor-element elementor-element-5625382\" data-id=\"5625382\" data-element_type=\"column\" data-e-type=\"column\">\n\t\t\t<div class=\"elementor-widget-wrap elementor-element-populated\">\n\t\t\t\t\t\t<div class=\"elementor-element elementor-element-1d05f9e animated-slow elementor-invisible elementor-widget elementor-widget-heading\" data-id=\"1d05f9e\" data-element_type=\"widget\" data-e-type=\"widget\" data-settings=\"{&quot;_animation&quot;:&quot;fadeIn&quot;,&quot;_animation_delay&quot;:10}\" data-widget_type=\"heading.default\">\n\t\t\t\t<div class=\"elementor-widget-container\">\n\t\t\t\t\t<h1 class=\"elementor-heading-title elementor-size-default\">About Julia Harig Coaching &amp; Consulting<\/h1>\t\t\t\t<\/div>\n\t\t\t\t<\/div>\n\t\t\t\t\t<\/div>\n\t\t<\/div>\n\t\t\t\t\t<\/div>\n\t\t<\/section>\n\t\t<div class=\"elementor-element elementor-element-f82a82f e-flex e-con-boxed e-con e-parent\" data-id=\"f82a82f\" data-element_type=\"container\" data-e-type=\"container\" data-settings=\"{&quot;background_background&quot;:&quot;classic&quot;}\">\n\t\t\t\t\t<div class=\"e-con-inner\">\n\t\t<div class=\"elementor-element elementor-element-1885d9e e-con-full e-flex e-con e-child\" data-id=\"1885d9e\" data-element_type=\"container\" data-e-type=\"container\">\n\t\t\t\t<div class=\"elementor-element elementor-element-c7036b5 elementor-widget elementor-widget-image\" data-id=\"c7036b5\" data-element_type=\"widget\" data-e-type=\"widget\" data-widget_type=\"image.default\">\n\t\t\t\t<div class=\"elementor-widget-container\">\n\t\t\t\t\t\t\t\t\t\t\t\t\t\t\t<img fetchpriority=\"high\" decoding=\"async\" width=\"500\" height=\"500\" src=\"https:\/\/jnhcoaching.de\/wp-content\/uploads\/2020\/04\/julia.harig_.4.png\" class=\"attachment-full size-full wp-image-940\" alt=\"Julia Harig Coaching &amp; Consulting\" srcset=\"https:\/\/jnhcoaching.de\/wp-content\/uploads\/2020\/04\/julia.harig_.4.png 500w, https:\/\/jnhcoaching.de\/wp-content\/uploads\/2020\/04\/julia.harig_.4-300x300.png 300w, https:\/\/jnhcoaching.de\/wp-content\/uploads\/2020\/04\/julia.harig_.4-150x150.png 150w\" sizes=\"(max-width: 500px) 100vw, 500px\" \/>\t\t\t\t\t\t\t\t\t\t\t\t\t\t\t<\/div>\n\t\t\t\t<\/div>\n\t\t\t\t<\/div>\n\t\t<div class=\"elementor-element elementor-element-ee66861 e-con-full e-flex e-con e-child\" data-id=\"ee66861\" data-element_type=\"container\" data-e-type=\"container\">\n\t\t\t\t<div class=\"elementor-element elementor-element-8f11603 animated-slow elementor-widget elementor-widget-heading\" data-id=\"8f11603\" data-element_type=\"widget\" data-e-type=\"widget\" data-settings=\"{&quot;_animation&quot;:&quot;none&quot;,&quot;_animation_delay&quot;:10}\" data-widget_type=\"heading.default\">\n\t\t\t\t<div class=\"elementor-widget-container\">\n\t\t\t\t\t<h2 class=\"elementor-heading-title elementor-size-default\">Erfahrung, Einblick, Ergebnisse<\/h2>\t\t\t\t<\/div>\n\t\t\t\t<\/div>\n\t\t\t\t<div class=\"elementor-element elementor-element-41804b9 elementor-widget elementor-widget-text-editor\" data-id=\"41804b9\" data-element_type=\"widget\" data-e-type=\"widget\" data-widget_type=\"text-editor.default\">\n\t\t\t\t<div class=\"elementor-widget-container\">\n\t\t\t\t\t\t\t\t\t<p style=\"font-weight: 400;\">Nach mehr als zwanzig Jahren im Bereich Lernen und Entwicklung habe ich meinen Schwerpunkt von Business Communications Training auf Executive Coaching erweitert. Mir wurde bewusst, dass die F\u00e4higkeiten, die meine Kunden ben\u00f6tigen, um beruflich erfolgreich zu sein und gleichzeitig auch pers\u00f6nliche Zufriedenheit zu finden, in unserer informationsintensiven, schnelllebigen, globalen Gesellschaft immer komplexer werden.<\/p><p style=\"font-weight: 400;\">Mein Coaching verbindet unternehmerische Erfahrung mit meiner Leidenschaft, Menschen dabei zu helfen, ihr volles Potential auszusch\u00f6pfen. Mein Coachingstil ist dynamisch, intuitiv und zielgerichtet \u2013 mit nachweislichem Erfolg darin, meine Kunden dabei zu unterst\u00fctzen, Klarheit zu gewinnen, ihre inneren St\u00e4rken zu erkennen, ihre Ziele zu erreichen und ihre Balance im Leben zu finden und zu leben.<\/p><p style=\"font-weight: 400;\">Ich habe meinen Abschluss mit Auszeichnung an der Ivey School of Business at Western University (Kanada) gemacht und habe das ICF-anerkannte Coaching Training bei Full Circle Global in London absolviert.<\/p><p style=\"font-weight: 400;\">Ich arbeite au\u00dferdem daran, meine eigenen Ziele zu erreichen und liebe es, Neues zu lernen. Ich bin Hobby-Triathletin, singe in einem Chor, bin begeisterte Sammlerin kanadischer Kunst und gehe leidenschaftlich gern auf Reisen, um die Welt zu erkunden. Ich habe in mehreren L\u00e4ndern Nordamerikas und Europas gelebt und gearbeitet und biete mein Coaching auf englisch und deutsch an.<\/p>\t\t\t\t\t\t\t\t<\/div>\n\t\t\t\t<\/div>\n\t\t\t\t<div class=\"elementor-element elementor-element-1485eec elementor-widget elementor-widget-image\" data-id=\"1485eec\" data-element_type=\"widget\" data-e-type=\"widget\" data-widget_type=\"image.default\">\n\t\t\t\t<div class=\"elementor-widget-container\">\n\t\t\t\t\t\t\t\t\t\t\t\t\t\t\t<img decoding=\"async\" width=\"189\" height=\"100\" src=\"https:\/\/jnhcoaching.de\/wp-content\/uploads\/2020\/04\/ACC_WEB.png\" class=\"attachment-medium size-medium wp-image-1039\" alt=\"\" \/>\t\t\t\t\t\t\t\t\t\t\t\t\t\t\t<\/div>\n\t\t\t\t<\/div>\n\t\t\t\t<\/div>\n\t\t\t\t\t<\/div>\n\t\t\t\t<\/div>\n\t\t<div class=\"elementor-element elementor-element-2f63fa8 e-flex e-con-boxed e-con e-parent\" data-id=\"2f63fa8\" data-element_type=\"container\" data-e-type=\"container\">\n\t\t\t\t\t<div class=\"e-con-inner\">\n\t\t<div class=\"elementor-element elementor-element-26784bf e-con-full e-flex e-con e-child\" data-id=\"26784bf\" data-element_type=\"container\" data-e-type=\"container\">\n\t\t\t\t<div class=\"elementor-element elementor-element-4fca838 elementor-widget elementor-widget-text-editor\" data-id=\"4fca838\" data-element_type=\"widget\" data-e-type=\"widget\" data-widget_type=\"text-editor.default\">\n\t\t\t\t<div class=\"elementor-widget-container\">\n\t\t\t\t\t\t\t\t\t<p>Als Einstieg biete ich eine kostenlose und unverbindliche, 20-min\u00fctige Session zum Kennenlernen an. Du kannst unsere Unterhaltung gleich <a href=\"https:\/\/jnhcoaching.de\/de\/contact\/\"><strong>hier&nbsp;<\/strong><\/a>buchen, damit wir loslegen k\u00f6nnen!<\/p>\t\t\t\t\t\t\t\t<\/div>\n\t\t\t\t<\/div>\n\t\t\t\t<\/div>\n\t\t\t\t\t<\/div>\n\t\t\t\t<\/div>\n\t\t<div class=\"elementor-element elementor-element-97584bc e-flex e-con-boxed e-con e-parent\" data-id=\"97584bc\" data-element_type=\"container\" data-e-type=\"container\">\n\t\t\t\t\t<div class=\"e-con-inner\">\n\t\t\t\t\t<\/div>\n\t\t\t\t<\/div>\n\t\t\t\t<\/div>","protected":false},"excerpt":{"rendered":"<p>About Julia Harig Coaching &amp; Consulting Experience, Insight, Results\u200b In the 20+ years that I have been in the Learning &amp; Development industry, I have evolved my practice from Business Communications Training to Executive Coaching, recognizing that the skills required of my clients to succeed professionally and find satisfaction personally are becoming increasingly complex in [&hellip;]<\/p>\n","protected":false},"author":6,"featured_media":0,"parent":0,"menu_order":0,"comment_status":"closed","ping_status":"closed","template":"","meta":{"site-sidebar-layout":"no-sidebar","site-content-layout":"default","ast-site-content-layout":"default","site-content-style":"default","site-sidebar-style":"default","ast-global-header-display":"","ast-banner-title-visibility":"","ast-main-header-display":"","ast-hfb-above-header-display":"","ast-hfb-below-header-display":"","ast-hfb-mobile-header-display":"","site-post-title":"disabled","ast-breadcrumbs-content":"","ast-featured-img":"disabled","footer-sml-layout":"","ast-disable-related-posts":"","theme-transparent-header-meta":"","adv-header-id-meta":"","stick-header-meta":"","header-above-stick-meta":"","header-main-stick-meta":"","header-below-stick-meta":"","astra-migrate-meta-layouts":"default","ast-page-background-enabled":"default","ast-page-background-meta":{"desktop":{"background-color":"","background-image":"","background-repeat":"repeat","background-position":"center center","background-size":"auto","background-attachment":"scroll","background-type":"","background-media":"","overlay-type":"","overlay-color":"","overlay-opacity":"","overlay-gradient":""},"tablet":{"background-color":"","background-image":"","background-repeat":"repeat","background-position":"center center","background-size":"auto","background-attachment":"scroll","background-type":"","background-media":"","overlay-type":"","overlay-color":"","overlay-opacity":"","overlay-gradient":""},"mobile":{"background-color":"","background-image":"","background-repeat":"repeat","background-position":"center center","background-size":"auto","background-attachment":"scroll","background-type":"","background-media":"","overlay-type":"","overlay-color":"","overlay-opacity":"","overlay-gradient":""}},"ast-content-background-meta":{"desktop":{"background-color":"var(--ast-global-color-5)","background-image":"","background-repeat":"repeat","background-position":"center center","background-size":"auto","background-attachment":"scroll","background-type":"","background-media":"","overlay-type":"","overlay-color":"","overlay-opacity":"","overlay-gradient":""},"tablet":{"background-color":"var(--ast-global-color-5)","background-image":"","background-repeat":"repeat","background-position":"center center","background-size":"auto","background-attachment":"scroll","background-type":"","background-media":"","overlay-type":"","overlay-color":"","overlay-opacity":"","overlay-gradient":""},"mobile":{"background-color":"var(--ast-global-color-5)","background-image":"","background-repeat":"repeat","background-position":"center center","background-size":"auto","background-attachment":"scroll","background-type":"","background-media":"","overlay-type":"","overlay-color":"","overlay-opacity":"","overlay-gradient":""}},"footnotes":""},"class_list":["post-5844","page","type-page","status-publish","hentry"],"_links":{"self":[{"href":"https:\/\/jnhcoaching.de\/de\/wp-json\/wp\/v2\/pages\/5844","targetHints":{"allow":["GET"]}}],"collection":[{"href":"https:\/\/jnhcoaching.de\/de\/wp-json\/wp\/v2\/pages"}],"about":[{"href":"https:\/\/jnhcoaching.de\/de\/wp-json\/wp\/v2\/types\/page"}],"author":[{"embeddable":true,"href":"https:\/\/jnhcoaching.de\/de\/wp-json\/wp\/v2\/users\/6"}],"replies":[{"embeddable":true,"href":"https:\/\/jnhcoaching.de\/de\/wp-json\/wp\/v2\/comments?post=5844"}],"version-history":[{"count":20,"href":"https:\/\/jnhcoaching.de\/de\/wp-json\/wp\/v2\/pages\/5844\/revisions"}],"predecessor-version":[{"id":6136,"href":"https:\/\/jnhcoaching.de\/de\/wp-json\/wp\/v2\/pages\/5844\/revisions\/6136"}],"wp:attachment":[{"href":"https:\/\/jnhcoaching.de\/de\/wp-json\/wp\/v2\/media?parent=5844"}],"curies":[{"name":"wp","href":"https:\/\/api.w.org\/{rel}","templated":true}]}}